{"id":828,"date":"2014-01-18T10:19:03","date_gmt":"2014-01-18T10:19:03","guid":{"rendered":"http:\/\/www.massivbiohaus.de\/?page_id=828"},"modified":"2017-10-11T06:49:32","modified_gmt":"2017-10-11T06:49:32","slug":"massiv-bau-haus-messetermine","status":"publish","type":"page","link":"https:\/\/www.massiv-bau-haus.de\/index.php\/massiv-bau-haus-messetermine\/","title":{"rendered":"Massiv Bau Haus Messetermine"},"content":{"rendered":"<section  class='av_textblock_section av-av_textblock-0366cc7376be6c9e82a3e9cc8987b64f'  itemscope=\"itemscope\" itemtype=\"https:\/\/schema.org\/CreativeWork\" ><div class='avia_textblock'  itemprop=\"text\" ><h1 style=\"text-align: center;\">Messetermine &#8211; Baumesse Rostock<\/h1>\n<p style=\"text-align: center;\"><strong>09. &#8211; 11.03.2018<\/strong> <strong>&#8222;Bauen und Sanieren &#8211; Eigenheim&#8220; in der Hansemesse (Rostock-Schmarl)<\/strong><\/p>\n<p style=\"text-align: center;\">Besuchen Sie unseren Messestand auf der 19. Bauausstellung f\u00fcr Fachleute und Bauherren &#8211; Bauen f\u00fcr alle<br \/>\n<strong>t\u00e4glich in der Zeit von 10.00 &#8211; 18.00 Uhr<\/strong>.<\/p>\n<p style=\"text-align: center;\">Wir freuen uns auf Sie!<\/p>\n<\/div><\/section>\n\n<style type=\"text\/css\" data-created_by=\"avia_inline_auto\" id=\"style-css-av-av_one_half-6126cab7d8fab8d08143dd2dacdf673c\">\n.flex_column.av-av_one_half-6126cab7d8fab8d08143dd2dacdf673c{\n-webkit-border-radius:0px 0px 0px 0px;\n-moz-border-radius:0px 0px 0px 0px;\nborder-radius:0px 0px 0px 0px;\npadding:0px 0px 0px 0px;\n}\n<\/style>\n<div class='flex_column av-av_one_half-6126cab7d8fab8d08143dd2dacdf673c av_one_half  avia-builder-el-1  el_after_av_textblock  el_before_av_one_half  first flex_column_div av-zero-column-padding column-top-margin'     ><section  class='av_textblock_section av-av_textblock-0366cc7376be6c9e82a3e9cc8987b64f'  itemscope=\"itemscope\" itemtype=\"https:\/\/schema.org\/CreativeWork\" ><div class='avia_textblock'  itemprop=\"text\" ><p><a href=\"https:\/\/www.massiv-bau-haus.de\/wp-content\/uploads\/baumesse-rostock-1.png\"><img loading=\"lazy\" decoding=\"async\" class=\"alignnone wp-image-2032 size-portfolio aligncenter\" src=\"https:\/\/www.massiv-bau-haus.de\/wp-content\/uploads\/baumesse-rostock-1-495x400.png\" alt=\"baumesse-rostock\" width=\"495\" height=\"400\" \/><\/a><\/p>\n<\/div><\/section><\/div>\n\n<style type=\"text\/css\" data-created_by=\"avia_inline_auto\" id=\"style-css-av-av_one_half-0aa7055fe62c3622faec82866afbaeb2\">\n.flex_column.av-av_one_half-0aa7055fe62c3622faec82866afbaeb2{\n-webkit-border-radius:0px 0px 0px 0px;\n-moz-border-radius:0px 0px 0px 0px;\nborder-radius:0px 0px 0px 0px;\npadding:0px 0px 0px 0px;\n}\n<\/style>\n<div class='flex_column av-av_one_half-0aa7055fe62c3622faec82866afbaeb2 av_one_half  avia-builder-el-3  el_after_av_one_half  el_before_av_textblock  flex_column_div av-zero-column-padding column-top-margin'     ><section  class='av_textblock_section av-av_textblock-0366cc7376be6c9e82a3e9cc8987b64f'  itemscope=\"itemscope\" itemtype=\"https:\/\/schema.org\/CreativeWork\" ><div class='avia_textblock'  itemprop=\"text\" ><p><a href=\"https:\/\/www.massiv-bau-haus.de\/wp-content\/uploads\/baumesse-rostock-1-1.png\"><img loading=\"lazy\" decoding=\"async\" class=\"aligncenter wp-image-2034 size-portfolio\" src=\"https:\/\/www.massiv-bau-haus.de\/wp-content\/uploads\/baumesse-rostock-1-1-495x400.png\" alt=\"baumesse_rostock\" width=\"495\" height=\"400\" \/><\/a><\/p>\n<\/div><\/section><\/div>\n<section  class='av_textblock_section av-av_textblock-0366cc7376be6c9e82a3e9cc8987b64f'  itemscope=\"itemscope\" itemtype=\"https:\/\/schema.org\/CreativeWork\" ><div class='avia_textblock'  itemprop=\"text\" ><p>Im M\u00e4rz 2018 \u00f6ffnet bereits zum neunzehnten Mal die &#8222;Bauen &amp; Sanieren &#8211; EIGENHEIM&#8220; ihr Pforten und somit ist die Bausaison f\u00fcr dieses Jahr offiziell er\u00f6ffnet. Diese Bauaustellung ist f\u00fcr Fachleute und Bauherren gleicherma\u00dfen interessant.<br \/>\nWas Sie auch vorhaben, ob die <a href=\"http:\/\/www.mbh-bausanierung.de\/\" target=\"_blank\" rel=\"noopener noreferrer\">Sanierung Ihres Bauobjektes<\/a>, oder ob Sie einen Neubau planen, Sie k\u00f6nnen sich Ideen, Tipps und Anregungen f\u00fcr Ihr Vorhaben holen.<br \/>\nF\u00fchlen Sie sich eingeladen uns auf unserem Messestand zu besuchen, lassen Sie sich von uns beraten. Wir bieten Ihnen zu verschiedenen Themen wie Neubau oder Bausanierung und Energieeffizienz umfassende Beratung.<\/p>\n<\/div><\/section>\n\n<style type=\"text\/css\" data-created_by=\"avia_inline_auto\" id=\"style-css-av-av_textblock-7f3375427bec4e9b5b50b0ba0c9c7573\">\n#top .av_textblock_section.av-av_textblock-7f3375427bec4e9b5b50b0ba0c9c7573 .avia_textblock{\nfont-size:24px;\n}\n<\/style>\n<section  class='av_textblock_section av-av_textblock-7f3375427bec4e9b5b50b0ba0c9c7573'  itemscope=\"itemscope\" itemtype=\"https:\/\/schema.org\/CreativeWork\" ><div class='avia_textblock'  itemprop=\"text\" ><p style=\"text-align: center;\">Profieren Sie von unserer langj\u00e4hrigen Erfahrung und verwirklichen Sie mit uns, frei nach unserem Motto <em>&#8222;Ihr Leben, Ihre Zukunft, Ihr Haus&#8220;<\/em>, Ihren Traum vom Eigenheim.<\/p>\n<\/div><\/section>\n<section  class='av_textblock_section av-av_textblock-0366cc7376be6c9e82a3e9cc8987b64f'  itemscope=\"itemscope\" itemtype=\"https:\/\/schema.org\/CreativeWork\" ><div class='avia_textblock'  itemprop=\"text\" ><p>Sie haben Fragen oder Sie bereits einen Termin mit uns vereinbaren? Nutzen Sie unser Kontaktformular:<\/p>\n<\/div><\/section>\n<form action=\"https:\/\/www.massiv-bau-haus.de\/index.php\/massiv-bau-haus-messetermine\/\" method=\"post\"  class=\"avia_ajax_form av-form-labels-visible   avia-builder-el-8  el_after_av_textblock  avia-builder-el-last   \" data-avia-form-id=\"1\" data-avia-redirect='' ><fieldset><p class='  first_form  form_element form_fullwidth' id='element_avia_1_1'><label for=\"avia_1_1\">Name <abbr class=\"required\" title=\"ben\u00f6tigt\">*<\/abbr><\/label> <input name=\"avia_1_1\" class=\"text_input is_empty\" type=\"text\" id=\"avia_1_1\" value=\"\" \/><\/p><p class='  first_form  form_element form_fullwidth' id='element_avia_2_1'><label for=\"avia_2_1\">E-Mail <abbr class=\"required\" title=\"ben\u00f6tigt\">*<\/abbr><\/label> <input name=\"avia_2_1\" class=\"text_input is_email\" type=\"text\" id=\"avia_2_1\" value=\"\" \/><\/p><p class='  first_form  form_element form_fullwidth' id='element_avia_3_1'><label for=\"avia_3_1\">Betreff <abbr class=\"required\" title=\"ben\u00f6tigt\">*<\/abbr><\/label> <input name=\"avia_3_1\" class=\"text_input is_empty\" type=\"text\" id=\"avia_3_1\" value=\"\" \/><\/p><p class='  first_form  form_element form_fullwidth av-last-visible-form-element' id='element_avia_4_1'><label for=\"avia_4_1\" class=\"textare_label hidden textare_label_avia_4_1\">Nachricht <abbr class=\"required\" title=\"ben\u00f6tigt\">*<\/abbr><\/label><textarea  name=\"avia_4_1\" class=\"text_area is_empty\" cols=\"40\" rows=\"7\" id=\"avia_4_1\" ><\/textarea><\/p><p class=\"hidden\"><input type=\"text\" name=\"avia_5_1\" class=\"hidden \" id=\"avia_5_1\" value=\"\" \/><\/p><p class=\"form_element \"><input type=\"hidden\" value=\"1\" name=\"avia_generated_form1\" \/><input type=\"submit\" value=\"Senden\" class=\"button\"  data-sending-label=\"Sende\"\/><\/p><\/fieldset><\/form><div id=\"ajaxresponse_1\" class=\"ajaxresponse ajaxresponse_1 hidden\"><\/div>\n","protected":false},"excerpt":{"rendered":"","protected":false},"author":5,"featured_media":0,"parent":0,"menu_order":0,"comment_status":"closed","ping_status":"open","template":"","meta":{"footnotes":""},"yoast_head":"<!-- This site is optimized with the Yoast SEO plugin v22.0 - https:\/\/yoast.com\/wordpress\/plugins\/seo\/ -->\n<title>Aktuelle Messetermine - Eigenheimbau und Sanierung<\/title>\n<meta name=\"description\" content=\"Messetermine: Interessierte Bauherren finden hier unsere aktuellen Messestermine f\u00fcr den Eigenheimbau und f\u00fcr die Sanierung.\" \/>\n<meta name=\"robots\" content=\"index, follow, max-snippet:-1, max-image-preview:large, max-video-preview:-1\" \/>\n<link rel=\"canonical\" href=\"https:\/\/www.massiv-bau-haus.de\/index.php\/massiv-bau-haus-messetermine\/\" \/>\n<meta property=\"og:locale\" content=\"de_DE\" \/>\n<meta property=\"og:type\" content=\"article\" \/>\n<meta property=\"og:title\" content=\"Aktuelle Messetermine - Eigenheimbau und Sanierung\" \/>\n<meta property=\"og:description\" content=\"Messetermine: Interessierte Bauherren finden hier unsere aktuellen Messestermine f\u00fcr den Eigenheimbau und f\u00fcr die Sanierung.\" \/>\n<meta property=\"og:url\" content=\"https:\/\/www.massiv-bau-haus.de\/index.php\/massiv-bau-haus-messetermine\/\" \/>\n<meta property=\"og:site_name\" content=\"Massiv Bau Haus, Hausbau in Mecklenburg Vorpommern\" \/>\n<meta property=\"article:publisher\" content=\"http:\/\/www.facebook.com\/massivbauhaus\" \/>\n<meta property=\"article:modified_time\" content=\"2017-10-11T06:49:32+00:00\" \/>\n<meta property=\"og:image\" content=\"https:\/\/www.massiv-bau-haus.de\/wp-content\/uploads\/baumesse-rostock-1-495x400.png\" \/>\n<meta name=\"twitter:card\" content=\"summary_large_image\" \/>\n<meta name=\"twitter:label1\" content=\"Gesch\u00e4tzte Lesezeit\" \/>\n\t<meta name=\"twitter:data1\" content=\"2\u00a0Minuten\" \/>\n<script type=\"application\/ld+json\" class=\"yoast-schema-graph\">{\"@context\":\"https:\/\/schema.org\",\"@graph\":[{\"@type\":\"WebPage\",\"@id\":\"https:\/\/www.massiv-bau-haus.de\/index.php\/massiv-bau-haus-messetermine\/\",\"url\":\"https:\/\/www.massiv-bau-haus.de\/index.php\/massiv-bau-haus-messetermine\/\",\"name\":\"Aktuelle Messetermine - Eigenheimbau und Sanierung\",\"isPartOf\":{\"@id\":\"https:\/\/www.massiv-bau-haus.de\/#website\"},\"datePublished\":\"2014-01-18T10:19:03+00:00\",\"dateModified\":\"2017-10-11T06:49:32+00:00\",\"description\":\"Messetermine: Interessierte Bauherren finden hier unsere aktuellen Messestermine f\u00fcr den Eigenheimbau und f\u00fcr die Sanierung.\",\"breadcrumb\":{\"@id\":\"https:\/\/www.massiv-bau-haus.de\/index.php\/massiv-bau-haus-messetermine\/#breadcrumb\"},\"inLanguage\":\"de\",\"potentialAction\":[{\"@type\":\"ReadAction\",\"target\":[\"https:\/\/www.massiv-bau-haus.de\/index.php\/massiv-bau-haus-messetermine\/\"]}]},{\"@type\":\"BreadcrumbList\",\"@id\":\"https:\/\/www.massiv-bau-haus.de\/index.php\/massiv-bau-haus-messetermine\/#breadcrumb\",\"itemListElement\":[{\"@type\":\"ListItem\",\"position\":1,\"name\":\"Startseite\",\"item\":\"https:\/\/www.massiv-bau-haus.de\/\"},{\"@type\":\"ListItem\",\"position\":2,\"name\":\"Massiv Bau Haus Messetermine\"}]},{\"@type\":\"WebSite\",\"@id\":\"https:\/\/www.massiv-bau-haus.de\/#website\",\"url\":\"https:\/\/www.massiv-bau-haus.de\/\",\"name\":\"Massiv Bau Haus, Hausbau in Mecklenburg Vorpommern\",\"description\":\"Hausbau in Rostock und Mecklenburg Vorpommern\",\"potentialAction\":[{\"@type\":\"SearchAction\",\"target\":{\"@type\":\"EntryPoint\",\"urlTemplate\":\"https:\/\/www.massiv-bau-haus.de\/?s={search_term_string}\"},\"query-input\":\"required name=search_term_string\"}],\"inLanguage\":\"de\"}]}<\/script>\n<!-- \/ Yoast SEO plugin. -->","yoast_head_json":{"title":"Aktuelle Messetermine - Eigenheimbau und Sanierung","description":"Messetermine: Interessierte Bauherren finden hier unsere aktuellen Messestermine f\u00fcr den Eigenheimbau und f\u00fcr die Sanierung.","robots":{"index":"index","follow":"follow","max-snippet":"max-snippet:-1","max-image-preview":"max-image-preview:large","max-video-preview":"max-video-preview:-1"},"canonical":"https:\/\/www.massiv-bau-haus.de\/index.php\/massiv-bau-haus-messetermine\/","og_locale":"de_DE","og_type":"article","og_title":"Aktuelle Messetermine - Eigenheimbau und Sanierung","og_description":"Messetermine: Interessierte Bauherren finden hier unsere aktuellen Messestermine f\u00fcr den Eigenheimbau und f\u00fcr die Sanierung.","og_url":"https:\/\/www.massiv-bau-haus.de\/index.php\/massiv-bau-haus-messetermine\/","og_site_name":"Massiv Bau Haus, Hausbau in Mecklenburg Vorpommern","article_publisher":"http:\/\/www.facebook.com\/massivbauhaus","article_modified_time":"2017-10-11T06:49:32+00:00","og_image":[{"url":"https:\/\/www.massiv-bau-haus.de\/wp-content\/uploads\/baumesse-rostock-1-495x400.png"}],"twitter_card":"summary_large_image","twitter_misc":{"Gesch\u00e4tzte Lesezeit":"2\u00a0Minuten"},"schema":{"@context":"https:\/\/schema.org","@graph":[{"@type":"WebPage","@id":"https:\/\/www.massiv-bau-haus.de\/index.php\/massiv-bau-haus-messetermine\/","url":"https:\/\/www.massiv-bau-haus.de\/index.php\/massiv-bau-haus-messetermine\/","name":"Aktuelle Messetermine - Eigenheimbau und Sanierung","isPartOf":{"@id":"https:\/\/www.massiv-bau-haus.de\/#website"},"datePublished":"2014-01-18T10:19:03+00:00","dateModified":"2017-10-11T06:49:32+00:00","description":"Messetermine: Interessierte Bauherren finden hier unsere aktuellen Messestermine f\u00fcr den Eigenheimbau und f\u00fcr die Sanierung.","breadcrumb":{"@id":"https:\/\/www.massiv-bau-haus.de\/index.php\/massiv-bau-haus-messetermine\/#breadcrumb"},"inLanguage":"de","potentialAction":[{"@type":"ReadAction","target":["https:\/\/www.massiv-bau-haus.de\/index.php\/massiv-bau-haus-messetermine\/"]}]},{"@type":"BreadcrumbList","@id":"https:\/\/www.massiv-bau-haus.de\/index.php\/massiv-bau-haus-messetermine\/#breadcrumb","itemListElement":[{"@type":"ListItem","position":1,"name":"Startseite","item":"https:\/\/www.massiv-bau-haus.de\/"},{"@type":"ListItem","position":2,"name":"Massiv Bau Haus Messetermine"}]},{"@type":"WebSite","@id":"https:\/\/www.massiv-bau-haus.de\/#website","url":"https:\/\/www.massiv-bau-haus.de\/","name":"Massiv Bau Haus, Hausbau in Mecklenburg Vorpommern","description":"Hausbau in Rostock und Mecklenburg Vorpommern","potentialAction":[{"@type":"SearchAction","target":{"@type":"EntryPoint","urlTemplate":"https:\/\/www.massiv-bau-haus.de\/?s={search_term_string}"},"query-input":"required name=search_term_string"}],"inLanguage":"de"}]}},"_links":{"self":[{"href":"https:\/\/www.massiv-bau-haus.de\/index.php\/wp-json\/wp\/v2\/pages\/828"}],"collection":[{"href":"https:\/\/www.massiv-bau-haus.de\/index.php\/wp-json\/wp\/v2\/pages"}],"about":[{"href":"https:\/\/www.massiv-bau-haus.de\/index.php\/wp-json\/wp\/v2\/types\/page"}],"author":[{"embeddable":true,"href":"https:\/\/www.massiv-bau-haus.de\/index.php\/wp-json\/wp\/v2\/users\/5"}],"replies":[{"embeddable":true,"href":"https:\/\/www.massiv-bau-haus.de\/index.php\/wp-json\/wp\/v2\/comments?post=828"}],"version-history":[{"count":23,"href":"https:\/\/www.massiv-bau-haus.de\/index.php\/wp-json\/wp\/v2\/pages\/828\/revisions"}],"predecessor-version":[{"id":2050,"href":"https:\/\/www.massiv-bau-haus.de\/index.php\/wp-json\/wp\/v2\/pages\/828\/revisions\/2050"}],"wp:attachment":[{"href":"https:\/\/www.massiv-bau-haus.de\/index.php\/wp-json\/wp\/v2\/media?parent=828"}],"curies":[{"name":"wp","href":"https:\/\/api.w.org\/{rel}","templated":true}]}}