{"id":803,"date":"2013-10-22T09:30:25","date_gmt":"2013-10-22T09:30:25","guid":{"rendered":"http:\/\/www.massivbiohaus.de\/?page_id=803"},"modified":"2019-11-11T08:11:43","modified_gmt":"2019-11-11T08:11:43","slug":"hausbaukatalog-bestellen","status":"publish","type":"page","link":"https:\/\/www.massiv-bau-haus.de\/index.php\/hausbaukatalog-bestellen\/","title":{"rendered":"Hausbaukatalog bestellen"},"content":{"rendered":"\n<p><\/p>\n\n\n<div id='full_slider_1'  class='avia-fullwidth-slider main_color avia-shadow   avia-builder-el-0  el_before_av_heading  avia-builder-el-first   container_wrap fullsize'  ><div  class='avia-slideshow av-3qfdfv-984c51669fe55b37880f72288891a006 avia-slideshow-no scaling av_slideshow_full avia-slide-slider av-slideshow-ui av-control-default av-slideshow-manual av-loop-once av-loop-manual-endless av-default-height-applied   avia-slideshow-1' data-slideshow-options=\"{&quot;animation&quot;:&quot;slide&quot;,&quot;autoplay&quot;:false,&quot;loop_autoplay&quot;:&quot;once&quot;,&quot;interval&quot;:5,&quot;loop_manual&quot;:&quot;manual-endless&quot;,&quot;autoplay_stopper&quot;:false,&quot;noNavigation&quot;:false,&quot;bg_slider&quot;:false,&quot;keep_padding&quot;:false,&quot;hoverpause&quot;:false,&quot;show_slide_delay&quot;:0}\"  itemprop=\"image\" itemscope=\"itemscope\" itemtype=\"https:\/\/schema.org\/ImageObject\" ><ul class='avia-slideshow-inner ' style='padding-bottom: 20.8333333333%;'><li  class='avia-slideshow-slide av-3qfdfv-984c51669fe55b37880f72288891a006__0  av-single-slide slide-1 slide-odd'><div data-rel='slideshow-1' class='avia-slide-wrap '   ><img class=\"wp-image-1206 avia-img-lazy-loading-not-1206\"  src='https:\/\/www.massiv-bau-haus.de\/wp-content\/uploads\/katalogtitel2.jpg' width='2400' height='500' title='katalogtitel2' alt=''  itemprop=\"thumbnailUrl\"   \/><div class='av-section-color-overlay' style='opacity: 0.2; background-color: #191919; background-image: url(https:\/\/www.massiv-bau-haus.de\/wp-content\/themes\/enfold\/images\/background-images\/dots-mini-light.png); background-repeat: repeat;'><\/div><\/div><\/li><\/ul><\/div><\/div><div id='after_full_slider_1'  class='main_color av_default_container_wrap container_wrap fullsize'  ><div class='container av-section-cont-open' ><div class='template-page content  av-content-full alpha units'><div class='post-entry post-entry-type-page post-entry-803'><div class='entry-content-wrapper clearfix'>\n\n<style type=\"text\/css\" data-created_by=\"avia_inline_auto\" id=\"style-css-av-1786b-41f04c2b5dcbd74f49187f09d9bfc25f\">\n#top .av-special-heading.av-1786b-41f04c2b5dcbd74f49187f09d9bfc25f{\npadding-bottom:10px;\n}\nbody .av-special-heading.av-1786b-41f04c2b5dcbd74f49187f09d9bfc25f .av-special-heading-tag .heading-char{\nfont-size:25px;\n}\n.av-special-heading.av-1786b-41f04c2b5dcbd74f49187f09d9bfc25f .av-subheading{\nfont-size:15px;\n}\n<\/style>\n<div  class='av-special-heading av-1786b-41f04c2b5dcbd74f49187f09d9bfc25f av-special-heading-h1 blockquote modern-quote modern-centered  avia-builder-el-1  el_after_av_slideshow_full  el_before_av_one_third  avia-builder-el-first '><h1 class='av-special-heading-tag'  itemprop=\"headline\"  >Hier k\u00f6nnen Sie Ihren Hausbaukatalog bestellen<\/h1><div class=\"special-heading-border\"><div class=\"special-heading-inner-border\"><\/div><\/div><\/div>\n\n<style type=\"text\/css\" data-created_by=\"avia_inline_auto\" id=\"style-css-av-35z8o3-8dbb6facbb21eabe30458021e7cb1831\">\n.flex_column.av-35z8o3-8dbb6facbb21eabe30458021e7cb1831{\n-webkit-border-radius:0px 0px 0px 0px;\n-moz-border-radius:0px 0px 0px 0px;\nborder-radius:0px 0px 0px 0px;\npadding:0px 0px 0px 0px;\n}\n<\/style>\n<div class='flex_column av-35z8o3-8dbb6facbb21eabe30458021e7cb1831 av_one_third  avia-builder-el-2  el_after_av_heading  el_before_av_two_third  first flex_column_div av-zero-column-padding '     ><section  class='av_textblock_section av-30ggsz-292efb8bdf50045dd29667238eeb8a99'  itemscope=\"itemscope\" itemtype=\"https:\/\/schema.org\/CreativeWork\" ><div class='avia_textblock'  itemprop=\"text\" ><blockquote>\n<p>Wenn Sie Ihren Hausbaukatalog bestellen beachten Sie bitte, dass wir Ihnen unsere <strong>Bauleistungen<\/strong> nur in den Bundesl\u00e4ndern Mecklenburg-Vorpommern, Schleswig-Holstein, Hamburg, Niedersachsen, Berlin und Brandenburg anbieten k\u00f6nnen.<\/p>\n<\/blockquote>\n<\/div><\/section><\/div>\n<style type=\"text\/css\" data-created_by=\"avia_inline_auto\" id=\"style-css-av-2u9r23-8f43f0384d2800ca17f34342707ad7c9\">\n.flex_column.av-2u9r23-8f43f0384d2800ca17f34342707ad7c9{\n-webkit-border-radius:0px 0px 0px 0px;\n-moz-border-radius:0px 0px 0px 0px;\nborder-radius:0px 0px 0px 0px;\npadding:0px 0px 0px 0px;\n}\n<\/style>\n<div class='flex_column av-2u9r23-8f43f0384d2800ca17f34342707ad7c9 av_two_third  avia-builder-el-4  el_after_av_one_third  avia-builder-el-last  flex_column_div av-zero-column-padding '     ><section  class='av_textblock_section av-2nwjij-7308fbee51d0ecd9554a6de38c5a8daa'  itemscope=\"itemscope\" itemtype=\"https:\/\/schema.org\/CreativeWork\" ><div class='avia_textblock'  itemprop=\"text\" ><p style=\"text-align: left;\">Wer ein Haus baut, nimmt seine Zukunft in die Hand: Sie geben nicht nur Ihrer Familie ein Zuhause, sondern schaffen auch bleibende Werte. H\u00e4user, die neben einer Vielzahl von Qualit\u00e4ten wie der Ausstattung durch \u00f6kologische Bauweise und durchdachte Architektur \u00fcberzeugen. Dabei verwenden wir hochwertige Produkte unserer Baupartner. <strong>Markenh\u00e4user \u2013 Stein auf Stein gebaut. <\/strong>Ob romantisches Landhaus, klassische Villa, oder H\u00e4user mit moderner Pult- und Flachdacharchitektur. Nutzen Sie bitte dieses Formular, um unseren aktuellen Hausbaukatalog zu bestellen.<\/p>\n<\/div><\/section><br \/>\n<form action=\"https:\/\/www.massiv-bau-haus.de\/index.php\/hausbaukatalog-bestellen\/\" method=\"post\"  class=\"avia_ajax_form av-form-labels-visible   avia-builder-el-6  el_after_av_textblock  avia-builder-el-last   \" data-avia-form-id=\"1\" data-avia-redirect='' ><fieldset><p class='  first_form  form_element form_fullwidth' id='element_avia_1_1'><label for=\"avia_1_1\">Anrede <abbr class=\"required\" title=\"ben\u00f6tigt\">*<\/abbr><\/label><select  name=\"avia_1_1\" class=\"select is_empty\" id=\"avia_1_1\"><option   value='Bitte w\u00e4hlen Sie'>Bitte w\u00e4hlen Sie<\/option><option   value='Herr'>Herr<\/option><option   value='Frau'>Frau<\/option><\/select><\/p><p class='  first_form  form_element form_fullwidth' id='element_avia_2_1'><label for=\"avia_2_1\">Ihr Name <abbr class=\"required\" title=\"ben\u00f6tigt\">*<\/abbr><\/label> <input name=\"avia_2_1\" class=\"text_input is_empty\" type=\"text\" id=\"avia_2_1\" value=\"\" \/><\/p><p class='  first_form  form_element form_element_half' id='element_avia_3_1'><label for=\"avia_3_1\">E-Mail <abbr class=\"required\" title=\"ben\u00f6tigt\">*<\/abbr><\/label> <input name=\"avia_3_1\" class=\"text_input is_email\" type=\"text\" id=\"avia_3_1\" value=\"\" \/><\/p><p class='  form_element form_element_half' id='element_avia_4_1'><label for=\"avia_4_1\">Ihre Telefonnummer <abbr class=\"required\" title=\"ben\u00f6tigt\">*<\/abbr><\/label> <input name=\"avia_4_1\" class=\"text_input is_phone\" type=\"text\" id=\"avia_4_1\" value=\"\" \/><\/p><p class='  first_form  form_element form_fullwidth' id='element_avia_5_1'><label for=\"avia_5_1\">Stra\u00dfe \/ Hausnummer <abbr class=\"required\" title=\"ben\u00f6tigt\">*<\/abbr><\/label> <input name=\"avia_5_1\" class=\"text_input is_empty\" type=\"text\" id=\"avia_5_1\" value=\"\" \/><\/p><p class='  first_form  form_element form_fullwidth' id='element_avia_6_1'><label for=\"avia_6_1\">PLZ \/ Ort <abbr class=\"required\" title=\"ben\u00f6tigt\">*<\/abbr><\/label> <input name=\"avia_6_1\" class=\"text_input is_empty\" type=\"text\" id=\"avia_6_1\" value=\"\" \/><\/p><p class='  first_form  form_element form_fullwidth' id='element_avia_8_1'><label for=\"avia_8_1\">geplanter Bauort <abbr class=\"required\" title=\"ben\u00f6tigt\">*<\/abbr><\/label> <input name=\"avia_8_1\" class=\"text_input is_empty\" type=\"text\" id=\"avia_8_1\" value=\"\" \/><\/p><p class='  first_form  form_element form_fullwidth' id='element_avia_9_1'><label for=\"avia_9_1\">Ist ein Grundst\u00fcck vorhanden?<\/label><select  name=\"avia_9_1\" class=\"select \" id=\"avia_9_1\"><option   value='Ja'>Ja<\/option><option   value='Nein'>Nein<\/option><\/select><\/p><p class='  first_form  form_element form_fullwidth' id='element_avia_10_1'><label for=\"avia_10_1\">Ben\u00f6tigen Sie Hilfe bei der Finanzierung<\/label><select  name=\"avia_10_1\" class=\"select \" id=\"avia_10_1\"><option   value='Ja'>Ja<\/option><option   value='Nein'>Nein<\/option><\/select><\/p><p class='  first_form  form_element form_fullwidth' id='element_avia_11_1'><label for=\"avia_11_1\">M\u00f6chten Sie Eigenleistungen erbringen?<\/label><select  name=\"avia_11_1\" class=\"select \" id=\"avia_11_1\"><option   value='Ja'>Ja<\/option><option   value='Nein'>Nein<\/option><\/select><\/p><p class='  first_form  form_element form_fullwidth' id='element_avia_12_1'><label for=\"avia_12_1\" class=\"textare_label hidden textare_label_avia_12_1\">Weitere Anmerkungen oder Fragen<\/label><textarea  name=\"avia_12_1\" class=\"text_area \" cols=\"40\" rows=\"7\" id=\"avia_12_1\" ><\/textarea><\/p><div id='avia_13_1' class='av-form-text'><p>\nIch stimme zu, dass meine Angaben aus dem Kontaktformular zur Beantwortung meiner Anfrage erhoben und verarbeitet werden. Die Daten werden nach abgeschlossener Bearbeitung Ihrer Anfrage gel\u00f6scht. Hinweis: Sie k\u00f6nnen Ihre Einwilligung jederzeit f\u00fcr die Zukunft per E-Mail an info@massiv-bau-haus.de widerrufen. Detaillierte Informationen zum Umgang mit Nutzerdaten finden Sie in unserer <a href=\"https:\/\/www.massiv-bau-haus.de\/index.php\/datenschutzerklaerung\/\" target=\"_blank\" rel=\"noopener noreferrer\">Datenschutzerkl\u00e4rung.<\/a><\/p>\n<\/div><p class='  first_form  form_element form_fullwidth av-last-visible-form-element' id='element_avia_14_1'><input  name=\"avia_14_1\" class=\"input_checkbox is_empty\" type=\"checkbox\" id=\"avia_14_1\" value=\"true\"\/><label class=\"input_checkbox_label\" for=\"avia_14_1\">Ich habe die Datenschutzerkl\u00e4rung verstanden und zur Kenntnis genommen. <abbr class=\"required\" title=\"ben\u00f6tigt\">*<\/abbr><\/label><\/p><p class=\"hidden\"><input type=\"text\" name=\"avia_15_1\" class=\"hidden \" id=\"avia_15_1\" value=\"\" \/><\/p><p class=\"form_element \"><input type=\"hidden\" value=\"1\" name=\"avia_generated_form1\" \/><input type=\"submit\" value=\"Senden\" class=\"button\"  data-sending-label=\"Sende\"\/><\/p><\/fieldset><\/form><div id=\"ajaxresponse_1\" class=\"ajaxresponse ajaxresponse_1 hidden\"><\/div><\/p><\/div><\/p>\n","protected":false},"excerpt":{"rendered":"","protected":false},"author":5,"featured_media":0,"parent":0,"menu_order":0,"comment_status":"closed","ping_status":"open","template":"","meta":{"footnotes":""},"yoast_head":"<!-- This site is optimized with the Yoast SEO plugin v22.0 - https:\/\/yoast.com\/wordpress\/plugins\/seo\/ -->\n<title>Hausbaukatalog bestellen - Massiv Bau Haus, Hausbau in Mecklenburg Vorpommern<\/title>\n<meta name=\"description\" content=\"Hier k\u00f6nnen Sie unseren kostenlosen Hausbaukatalog noch heute bestellen. Hier finden Sie zahlreiche Entw\u00fcrfe vom Bungalow bis zur exklusiven Stadtvilla.\" \/>\n<meta name=\"robots\" content=\"index, follow, max-snippet:-1, max-image-preview:large, max-video-preview:-1\" \/>\n<link rel=\"canonical\" href=\"https:\/\/www.massiv-bau-haus.de\/index.php\/hausbaukatalog-bestellen\/\" \/>\n<meta property=\"og:locale\" content=\"de_DE\" \/>\n<meta property=\"og:type\" content=\"article\" \/>\n<meta property=\"og:title\" content=\"Hausbaukatalog bestellen - Massiv Bau Haus, Hausbau in Mecklenburg Vorpommern\" \/>\n<meta property=\"og:description\" content=\"Hier k\u00f6nnen Sie unseren kostenlosen Hausbaukatalog noch heute bestellen. Hier finden Sie zahlreiche Entw\u00fcrfe vom Bungalow bis zur exklusiven Stadtvilla.\" \/>\n<meta property=\"og:url\" content=\"https:\/\/www.massiv-bau-haus.de\/index.php\/hausbaukatalog-bestellen\/\" \/>\n<meta property=\"og:site_name\" content=\"Massiv Bau Haus, Hausbau in Mecklenburg Vorpommern\" \/>\n<meta property=\"article:publisher\" content=\"http:\/\/www.facebook.com\/massivbauhaus\" \/>\n<meta property=\"article:modified_time\" content=\"2019-11-11T08:11:43+00:00\" \/>\n<meta name=\"twitter:card\" content=\"summary_large_image\" \/>\n<meta name=\"twitter:label1\" content=\"Gesch\u00e4tzte Lesezeit\" \/>\n\t<meta name=\"twitter:data1\" content=\"5\u00a0Minuten\" \/>\n<script type=\"application\/ld+json\" class=\"yoast-schema-graph\">{\"@context\":\"https:\/\/schema.org\",\"@graph\":[{\"@type\":\"WebPage\",\"@id\":\"https:\/\/www.massiv-bau-haus.de\/index.php\/hausbaukatalog-bestellen\/\",\"url\":\"https:\/\/www.massiv-bau-haus.de\/index.php\/hausbaukatalog-bestellen\/\",\"name\":\"Hausbaukatalog bestellen - Massiv Bau Haus, Hausbau in Mecklenburg Vorpommern\",\"isPartOf\":{\"@id\":\"https:\/\/www.massiv-bau-haus.de\/#website\"},\"datePublished\":\"2013-10-22T09:30:25+00:00\",\"dateModified\":\"2019-11-11T08:11:43+00:00\",\"description\":\"Hier k\u00f6nnen Sie unseren kostenlosen Hausbaukatalog noch heute bestellen. Hier finden Sie zahlreiche Entw\u00fcrfe vom Bungalow bis zur exklusiven Stadtvilla.\",\"breadcrumb\":{\"@id\":\"https:\/\/www.massiv-bau-haus.de\/index.php\/hausbaukatalog-bestellen\/#breadcrumb\"},\"inLanguage\":\"de\",\"potentialAction\":[{\"@type\":\"ReadAction\",\"target\":[\"https:\/\/www.massiv-bau-haus.de\/index.php\/hausbaukatalog-bestellen\/\"]}]},{\"@type\":\"BreadcrumbList\",\"@id\":\"https:\/\/www.massiv-bau-haus.de\/index.php\/hausbaukatalog-bestellen\/#breadcrumb\",\"itemListElement\":[{\"@type\":\"ListItem\",\"position\":1,\"name\":\"Startseite\",\"item\":\"https:\/\/www.massiv-bau-haus.de\/\"},{\"@type\":\"ListItem\",\"position\":2,\"name\":\"Hausbaukatalog bestellen\"}]},{\"@type\":\"WebSite\",\"@id\":\"https:\/\/www.massiv-bau-haus.de\/#website\",\"url\":\"https:\/\/www.massiv-bau-haus.de\/\",\"name\":\"Massiv Bau Haus, Hausbau in Mecklenburg Vorpommern\",\"description\":\"Hausbau in Rostock und Mecklenburg Vorpommern\",\"potentialAction\":[{\"@type\":\"SearchAction\",\"target\":{\"@type\":\"EntryPoint\",\"urlTemplate\":\"https:\/\/www.massiv-bau-haus.de\/?s={search_term_string}\"},\"query-input\":\"required name=search_term_string\"}],\"inLanguage\":\"de\"}]}<\/script>\n<!-- \/ Yoast SEO plugin. -->","yoast_head_json":{"title":"Hausbaukatalog bestellen - Massiv Bau Haus, Hausbau in Mecklenburg Vorpommern","description":"Hier k\u00f6nnen Sie unseren kostenlosen Hausbaukatalog noch heute bestellen. Hier finden Sie zahlreiche Entw\u00fcrfe vom Bungalow bis zur exklusiven Stadtvilla.","robots":{"index":"index","follow":"follow","max-snippet":"max-snippet:-1","max-image-preview":"max-image-preview:large","max-video-preview":"max-video-preview:-1"},"canonical":"https:\/\/www.massiv-bau-haus.de\/index.php\/hausbaukatalog-bestellen\/","og_locale":"de_DE","og_type":"article","og_title":"Hausbaukatalog bestellen - Massiv Bau Haus, Hausbau in Mecklenburg Vorpommern","og_description":"Hier k\u00f6nnen Sie unseren kostenlosen Hausbaukatalog noch heute bestellen. Hier finden Sie zahlreiche Entw\u00fcrfe vom Bungalow bis zur exklusiven Stadtvilla.","og_url":"https:\/\/www.massiv-bau-haus.de\/index.php\/hausbaukatalog-bestellen\/","og_site_name":"Massiv Bau Haus, Hausbau in Mecklenburg Vorpommern","article_publisher":"http:\/\/www.facebook.com\/massivbauhaus","article_modified_time":"2019-11-11T08:11:43+00:00","twitter_card":"summary_large_image","twitter_misc":{"Gesch\u00e4tzte Lesezeit":"5\u00a0Minuten"},"schema":{"@context":"https:\/\/schema.org","@graph":[{"@type":"WebPage","@id":"https:\/\/www.massiv-bau-haus.de\/index.php\/hausbaukatalog-bestellen\/","url":"https:\/\/www.massiv-bau-haus.de\/index.php\/hausbaukatalog-bestellen\/","name":"Hausbaukatalog bestellen - Massiv Bau Haus, Hausbau in Mecklenburg Vorpommern","isPartOf":{"@id":"https:\/\/www.massiv-bau-haus.de\/#website"},"datePublished":"2013-10-22T09:30:25+00:00","dateModified":"2019-11-11T08:11:43+00:00","description":"Hier k\u00f6nnen Sie unseren kostenlosen Hausbaukatalog noch heute bestellen. Hier finden Sie zahlreiche Entw\u00fcrfe vom Bungalow bis zur exklusiven Stadtvilla.","breadcrumb":{"@id":"https:\/\/www.massiv-bau-haus.de\/index.php\/hausbaukatalog-bestellen\/#breadcrumb"},"inLanguage":"de","potentialAction":[{"@type":"ReadAction","target":["https:\/\/www.massiv-bau-haus.de\/index.php\/hausbaukatalog-bestellen\/"]}]},{"@type":"BreadcrumbList","@id":"https:\/\/www.massiv-bau-haus.de\/index.php\/hausbaukatalog-bestellen\/#breadcrumb","itemListElement":[{"@type":"ListItem","position":1,"name":"Startseite","item":"https:\/\/www.massiv-bau-haus.de\/"},{"@type":"ListItem","position":2,"name":"Hausbaukatalog bestellen"}]},{"@type":"WebSite","@id":"https:\/\/www.massiv-bau-haus.de\/#website","url":"https:\/\/www.massiv-bau-haus.de\/","name":"Massiv Bau Haus, Hausbau in Mecklenburg Vorpommern","description":"Hausbau in Rostock und Mecklenburg Vorpommern","potentialAction":[{"@type":"SearchAction","target":{"@type":"EntryPoint","urlTemplate":"https:\/\/www.massiv-bau-haus.de\/?s={search_term_string}"},"query-input":"required name=search_term_string"}],"inLanguage":"de"}]}},"_links":{"self":[{"href":"https:\/\/www.massiv-bau-haus.de\/index.php\/wp-json\/wp\/v2\/pages\/803"}],"collection":[{"href":"https:\/\/www.massiv-bau-haus.de\/index.php\/wp-json\/wp\/v2\/pages"}],"about":[{"href":"https:\/\/www.massiv-bau-haus.de\/index.php\/wp-json\/wp\/v2\/types\/page"}],"author":[{"embeddable":true,"href":"https:\/\/www.massiv-bau-haus.de\/index.php\/wp-json\/wp\/v2\/users\/5"}],"replies":[{"embeddable":true,"href":"https:\/\/www.massiv-bau-haus.de\/index.php\/wp-json\/wp\/v2\/comments?post=803"}],"version-history":[{"count":29,"href":"https:\/\/www.massiv-bau-haus.de\/index.php\/wp-json\/wp\/v2\/pages\/803\/revisions"}],"predecessor-version":[{"id":2393,"href":"https:\/\/www.massiv-bau-haus.de\/index.php\/wp-json\/wp\/v2\/pages\/803\/revisions\/2393"}],"wp:attachment":[{"href":"https:\/\/www.massiv-bau-haus.de\/index.php\/wp-json\/wp\/v2\/media?parent=803"}],"curies":[{"name":"wp","href":"https:\/\/api.w.org\/{rel}","templated":true}]}}