{"id":51,"date":"2011-11-30T09:25:52","date_gmt":"2011-11-30T09:25:52","guid":{"rendered":"http:\/\/new.massivbiohaus.de\/?page_id=51"},"modified":"2018-05-12T08:18:54","modified_gmt":"2018-05-12T08:18:54","slug":"bauherrenzentrum","status":"publish","type":"page","link":"https:\/\/www.massiv-bau-haus.de\/index.php\/bauherrenzentrum\/","title":{"rendered":"Bauherrenzentrum"},"content":{"rendered":"\n<style type=\"text\/css\" data-created_by=\"avia_inline_auto\" id=\"style-css-av-av_section-4b6426aa0168f796fa0f8707d4b33e9f\">\n.avia-section.av-av_section-4b6426aa0168f796fa0f8707d4b33e9f .av-parallax .av-parallax-inner{\nbackground-repeat:no-repeat;\nbackground-image:url(https:\/\/www.massiv-bau-haus.de\/wp-content\/uploads\/bauherrenzentrum-rostock.jpg);\nbackground-position:50% 50%;\nbackground-attachment:scroll;\n}\n<\/style>\n<div id='av_section_1'  class='avia-section av-av_section-4b6426aa0168f796fa0f8707d4b33e9f main_color avia-section-default avia-no-border-styling  avia-builder-el-0  el_before_av_textblock  avia-builder-el-first  av-parallax-section avia-bg-style-parallax av-minimum-height av-minimum-height-25  container_wrap fullsize'  data-section-bg-repeat='no-repeat' data-av_minimum_height_pc='25'><div class='av-parallax' data-avia-parallax-ratio='0.3' ><div class='av-parallax-inner main_color avia-full-stretch'><\/div><\/div><div class='container av-section-cont-open' ><main  role=\"main\" itemprop=\"mainContentOfPage\"  class='template-page content  av-content-full alpha units'><div class='post-entry post-entry-type-page post-entry-51'><div class='entry-content-wrapper clearfix'><\/div><\/div><\/main><!-- close content main element --><\/div><\/div><div id='after_section_1'  class='main_color av_default_container_wrap container_wrap fullsize'  ><div class='container av-section-cont-open' ><div class='template-page content  av-content-full alpha units'><div class='post-entry post-entry-type-page post-entry-51'><div class='entry-content-wrapper clearfix'>\n<section  class='av_textblock_section av-av_textblock-0366cc7376be6c9e82a3e9cc8987b64f'  itemscope=\"itemscope\" itemtype=\"https:\/\/schema.org\/CreativeWork\" ><div class='avia_textblock'  itemprop=\"text\" ><h1 style=\"text-align: center;\">Bauherrenzentrum &#8211; Massivbauhaus<\/h1>\n<p style=\"text-align: center;\">+++Beratung f\u00fcr den massiven Hausbau+++<\/p>\n<\/div><\/section>\n<div  class='hr av-av_hr-7baa9936fe5691b53f4ae1c79d4cc23f hr-short  avia-builder-el-2  el_after_av_textblock  el_before_av_textblock  hr-left'><span class='hr-inner '><span class=\"hr-inner-style\"><\/span><\/span><\/div>\n<section  class='av_textblock_section av-av_textblock-0366cc7376be6c9e82a3e9cc8987b64f'  itemscope=\"itemscope\" itemtype=\"https:\/\/schema.org\/CreativeWork\" ><div class='avia_textblock'  itemprop=\"text\" ><p>Sie haben den Wunsch, sich den Traum vom eigenen Haus zu erf\u00fcllen oder Sie sterben eine <a href=\"http:\/\/www.mbh-bausanierung.de\/\" target=\"_blank\" rel=\"noopener noreferrer\">Bausanierung<\/a> an? Dann sind Sie bei uns, in unserem Bauherrenzentrum der Firma &#8222;Massivbauhaus&#8220; genau richtig. Wir planen hier f\u00fcr Sie und mit Ihnen gemeinsam Ihr Traumhaus. Sie als Bauherr k\u00f6nnen sich bereits vor Baubeginn bei uns \u00fcber die von uns verbauten Materialien und Elemente genau informieren. Durch das Ansehen und Anfassen verschiedener Baumaterialien und Bauelemente, treffen Sie gemeinsam mit uns die auf Ihre Bed\u00fcrfnisse optimierte Vorauswahl.<\/p>\n<\/div><\/section>\n<section  class='av_textblock_section av-av_textblock-0366cc7376be6c9e82a3e9cc8987b64f'  itemscope=\"itemscope\" itemtype=\"https:\/\/schema.org\/CreativeWork\" ><div class='avia_textblock'  itemprop=\"text\" ><h2>Hausbau Planung<\/h2>\n<p><img loading=\"lazy\" decoding=\"async\" class=\"alignleft wp-image-59 size-full\" title=\"Massivbauhaus Bauherrenzentrum\" src=\"https:\/\/www.massiv-bau-haus.de\/wp-content\/uploads\/bhz_02.jpg\" alt=\"Massivbauhaus Bauherrenzentrum\" width=\"237\" height=\"158\">Unser Bauherrenzentrum ist ein ideales Planungsb\u00fcro. Mit unseren Experten k\u00f6nnen nicht nur K\u00fcchen oder B\u00e4der exakt geplant werden, hier gibt es auch professionelle Hilfe f\u00fcr den angehenden Bauherren zu allen anderen Fragen &#8211; von der Anzahl der Steckdosen bis zur baulichen Ber\u00fccksichtigung eines sp\u00e4teren Kamineinbaus.<br \/>\nIn unseren Ausstellungsr\u00e4umen k\u00f6nnen Sie Sie verschiede Muster f\u00fcr Baumaterialien und Bauelemente ansehen und ausw\u00e4hlen. Farbf\u00e4cher erleichtern Ihnen die Auswahl, ebenso der verschiede Mix in Musterkoffern und Musterb\u00fcchern. Auch f\u00fcr die Fu\u00dfbodengestaltung und die Innenraumtreppe ist ein idealer Mustermix in unserem Bauherrenzentrum f\u00fcr Sie ausgestellt.<\/p>\n<\/div><\/section>\n<div  class='hr av-av_hr-dcd2069817a0e3d34ae04cad8f3443c7 hr-default  avia-builder-el-5  el_after_av_textblock  el_before_av_textblock '><span class='hr-inner '><span class=\"hr-inner-style\"><\/span><\/span><\/div>\n<section  class='av_textblock_section av-av_textblock-0366cc7376be6c9e82a3e9cc8987b64f'  itemscope=\"itemscope\" itemtype=\"https:\/\/schema.org\/CreativeWork\" ><div class='avia_textblock'  itemprop=\"text\" ><h2>Haustechnik<\/h2>\n<p><img loading=\"lazy\" decoding=\"async\" class=\"alignleft wp-image-61 size-full\" title=\"Massivbauhaus Bauherrenzentrum\" src=\"https:\/\/www.massiv-bau-haus.de\/wp-content\/uploads\/bhz_04.jpg\" alt=\"bauherrenzentrum\" width=\"237\" height=\"158\">Das Bauherrenzentrum ist Ihr Informationszentrum f\u00fcr neueste Haustechnik.<br \/>\nNiedrig-Energiehaus, Brennwerttechnik oder W\u00e4rmepumpe &#8211; der angehende Bauherr kann sich \u00fcber M\u00f6glichkeiten, Wirkprinzipien sowie Vor- und Nachteile der Systeme ausgiebig informieren und so sein Haus optimal ausstatten.<br \/>\nWir arbeiten seit Jahren mit bekannten Marktf\u00fchrern wie zum Beispiel &#8222;Vissmann&#8220; zusammen. So k\u00f6nnen Sie sicher sein, dass Sie eine energieeffiziente und langlebige Brennwerttherme erhalten. Ebenso wie die Brennwerttherme ist die Solaranlage zur Trinkwassererw\u00e4rmung eine \u00f6kologische und \u00f6konomische Innovation, die bei uns zu den Standards geh\u00f6rt. Selbstverst\u00e4ndlich zeigen wir ihnen auf Wunsch weitere M\u00f6glichkeiten f\u00fcr die W\u00e4rmegewinnung auf.<\/p>\n<\/div><\/section>\n<div  class='hr av-av_hr-dcd2069817a0e3d34ae04cad8f3443c7 hr-default  avia-builder-el-7  el_after_av_textblock  el_before_av_textblock '><span class='hr-inner '><span class=\"hr-inner-style\"><\/span><\/span><\/div>\n<section  class='av_textblock_section av-av_textblock-0366cc7376be6c9e82a3e9cc8987b64f'  itemscope=\"itemscope\" itemtype=\"https:\/\/schema.org\/CreativeWork\" ><div class='avia_textblock'  itemprop=\"text\" ><h2>Service<\/h2>\n<p><img loading=\"lazy\" decoding=\"async\" class=\"alignleft wp-image-63 size-full\" title=\"Massivbauhaus Bauherrenzentrum\" src=\"https:\/\/www.massiv-bau-haus.de\/wp-content\/uploads\/bhz_06.jpg\" alt=\"bauherrenzentrum-MBH\" width=\"237\" height=\"158\">Und ganz wichtig: Wir betreuen Sie von der ersten Minute an, so dass der doch oft fordernde Hausbau ein gelungenes Projekt wird.<br \/>\nFolgende Serviceleistungen k\u00f6nnen Sie bei uns erwarten:<\/p>\n<p>&gt; eigenes Architekturb\u00fcro<\/p>\n<p>&gt; eigene Bauleitung<\/p>\n<p>&gt; garantierte Bauzeit<\/p>\n<p>&gt; Festpreisgarantie f\u00fcr die Dauer der Bauzeit<\/p>\n<p>&gt; gepr\u00fcfter Zahlungspaln, ohne Vorleistung des Bauherren<\/p>\n<p>&gt; individuelle Grundrissplanung ohne Mehrpreis<\/p>\n<p>&gt; Bauzeichnungen 1:100<\/p>\n<p>&gt; Einreichen s\u00e4mtlicher Bauantragsunterlagen und Hilfestellung bei allen Versorgungsunterlagen<\/p>\n<p>&gt; Erbringen der Statik<\/p>\n<p>&gt; W\u00e4rmeschutznachweis nach EnEV 2016<\/p>\n<\/div><\/section>\n\n<style type=\"text\/css\" data-created_by=\"avia_inline_auto\" id=\"style-css-av-av_hr-a6de236e6c183bbbd700292deacd2b52\">\n#top .hr.hr-invisible.av-av_hr-a6de236e6c183bbbd700292deacd2b52{\nheight:20px;\n}\n<\/style>\n<div  class='hr av-av_hr-a6de236e6c183bbbd700292deacd2b52 hr-invisible  avia-builder-el-9  el_after_av_textblock  el_before_av_textblock '><span class='hr-inner '><span class=\"hr-inner-style\"><\/span><\/span><\/div>\n<section  class='av_textblock_section av-av_textblock-0366cc7376be6c9e82a3e9cc8987b64f'  itemscope=\"itemscope\" itemtype=\"https:\/\/schema.org\/CreativeWork\" ><div class='avia_textblock'  itemprop=\"text\" ><p>Unser Bauherrenzentrum ist Ihre kompetente Hilfe, bei Fragen, zur Ideenfindung und zur Umsetzung, f\u00fcr alle interessierten Bauherren und die, die es werden m\u00f6chten. Darum z\u00f6gern Sie nicht und vereinbaren Sie einen unverbindlichen Beratungstermin in unserem Hause. Rufen Sie uns einfach an unter der Telefonnummer <em>038203 -61660<\/em> oder schreiben Sie uns Ihre Nachricht, nutzen Sie dazu gleich das folgende Kontaktformular.<\/p>\n<\/div><\/section>\n\n<style type=\"text\/css\" data-created_by=\"avia_inline_auto\" id=\"style-css-av-av_one_full-6126cab7d8fab8d08143dd2dacdf673c\">\n.flex_column.av-av_one_full-6126cab7d8fab8d08143dd2dacdf673c{\n-webkit-border-radius:0px 0px 0px 0px;\n-moz-border-radius:0px 0px 0px 0px;\nborder-radius:0px 0px 0px 0px;\npadding:0px 0px 0px 0px;\n}\n<\/style>\n<div class='flex_column av-av_one_full-6126cab7d8fab8d08143dd2dacdf673c av_one_full  avia-builder-el-11  el_after_av_textblock  el_before_av_textblock  first flex_column_div av-zero-column-padding column-top-margin'     ><form action=\"https:\/\/www.massiv-bau-haus.de\/index.php\/bauherrenzentrum\/\" method=\"post\"  class=\"avia_ajax_form av-form-labels-visible   avia-builder-el-12  avia-builder-el-no-sibling   \" data-avia-form-id=\"1\" data-avia-redirect='' ><fieldset><p class='  first_form  form_element form_fullwidth' id='element_avia_1_1'><label for=\"avia_1_1\">Name <abbr class=\"required\" title=\"ben\u00f6tigt\">*<\/abbr><\/label> <input name=\"avia_1_1\" class=\"text_input is_empty\" type=\"text\" id=\"avia_1_1\" value=\"\" \/><\/p><p class='  first_form  form_element form_fullwidth' id='element_avia_2_1'><label for=\"avia_2_1\">E-Mail <abbr class=\"required\" title=\"ben\u00f6tigt\">*<\/abbr><\/label> <input name=\"avia_2_1\" class=\"text_input is_email\" type=\"text\" id=\"avia_2_1\" value=\"\" \/><\/p><p class='  first_form  form_element form_fullwidth' id='element_avia_3_1'><label for=\"avia_3_1\">Betreff <abbr class=\"required\" title=\"ben\u00f6tigt\">*<\/abbr><\/label> <input name=\"avia_3_1\" class=\"text_input is_empty\" type=\"text\" id=\"avia_3_1\" value=\"\" \/><\/p><p class='  first_form  form_element form_fullwidth' id='element_avia_4_1'><label for=\"avia_4_1\" class=\"textare_label hidden textare_label_avia_4_1\">Nachricht <abbr class=\"required\" title=\"ben\u00f6tigt\">*<\/abbr><\/label><textarea  name=\"avia_4_1\" class=\"text_area is_empty\" cols=\"40\" rows=\"7\" id=\"avia_4_1\" ><\/textarea><\/p><div id='avia_5_1' class='av-form-text'><p>\nIch stimme zu, dass meine Angaben aus dem Kontaktformular zur Beantwortung meiner Anfrage erhoben und verarbeitet werden. Die Daten werden nach abgeschlossener Bearbeitung Ihrer Anfrage gel\u00f6scht. Hinweis: Sie k\u00f6nnen Ihre Einwilligung jederzeit f\u00fcr die Zukunft per E-Mail an info@massiv-bau-haus.de widerrufen. Detaillierte Informationen zum Umgang mit Nutzerdaten finden Sie in unserer <a href=\"https:\/\/www.massiv-bau-haus.de\/index.php\/datenschutzerklaerung\/\" target=\"_blank\" rel=\"noopener\">Datenschutzerkl\u00e4rung<\/a>.<\/p>\n<\/div><p class='  first_form  form_element form_fullwidth av-last-visible-form-element' id='element_avia_6_1'><input  name=\"avia_6_1\" class=\"input_checkbox is_empty\" type=\"checkbox\" id=\"avia_6_1\" value=\"true\"\/><label class=\"input_checkbox_label\" for=\"avia_6_1\">Ich habe die Datenschutzerkl\u00e4rung verstanden und zur Kenntnis genommen. <abbr class=\"required\" title=\"ben\u00f6tigt\">*<\/abbr><\/label><\/p><p class=\"hidden\"><input type=\"text\" name=\"avia_7_1\" class=\"hidden \" id=\"avia_7_1\" value=\"\" \/><\/p><p class=\"form_element \"><input type=\"hidden\" value=\"1\" name=\"avia_generated_form1\" \/><input type=\"submit\" value=\"Senden\" class=\"button\"  data-sending-label=\"Sende\"\/><\/p><\/fieldset><\/form><div id=\"ajaxresponse_1\" class=\"ajaxresponse ajaxresponse_1 hidden\"><\/div><\/div><section  class='av_textblock_section av-av_textblock-0366cc7376be6c9e82a3e9cc8987b64f'  itemscope=\"itemscope\" itemtype=\"https:\/\/schema.org\/CreativeWork\" ><div class='avia_textblock'  itemprop=\"text\" ><p>Selbstverst\u00e4ndlich k\u00f6nnen Sie sich auch vorab einen \u00dcberblick \u00fcber unsere H\u00e4user und Grundrisse verschaffen. Wir empfehlen Ihnen dazu, unseren Hausbaukatalog zu bestellen, kostenfrei und unverbindlich. Ordern Sie Ihn gleich \u00fcber den folgenden Button:<\/p>\n<\/div><\/section><\/p>\n<div  class='avia-button-wrap av-av_button-0d8eafa7061a66711f9e2b2421933480-wrap avia-button-left  avia-builder-el-14  el_after_av_textblock  avia-builder-el-last '>\n<style type=\"text\/css\" data-created_by=\"avia_inline_auto\" id=\"style-css-av-av_button-0d8eafa7061a66711f9e2b2421933480\">\n#top #wrap_all .avia-button.av-av_button-0d8eafa7061a66711f9e2b2421933480{\nbackground-color:#005e91;\nborder-color:#005e91;\ncolor:#ffffff;\n-webkit-transition:all 0.4s ease-in-out;\n-moz-transition:all 0.4s ease-in-out;\n-ms-transition:all 0.4s ease-in-out;\n-o-transition:all 0.4s ease-in-out;\ntransition:all 0.4s ease-in-out;\n}\n<\/style>\n<a href='https:\/\/www.massiv-bau-haus.de\/index.php\/hausbaukatalog-bestellen\/'  class='avia-button av-av_button-0d8eafa7061a66711f9e2b2421933480 avia-icon_select-yes-left-icon avia-size-x-large avia-position-left'  ><span class='avia_button_icon avia_button_icon_left' aria-hidden='true' data-av_icon='\ue84e' data-av_iconfont='entypo-fontello'><\/span><span class='avia_iconbox_title' >Bestellen Sie hier Ihren kostenlosen Hausbaukatalog<\/span><\/a><\/div>\n","protected":false},"excerpt":{"rendered":"","protected":false},"author":5,"featured_media":0,"parent":0,"menu_order":0,"comment_status":"closed","ping_status":"open","template":"","meta":{"footnotes":""},"yoast_head":"<!-- This site is optimized with the Yoast SEO plugin v22.0 - https:\/\/yoast.com\/wordpress\/plugins\/seo\/ -->\n<title>Bauherrenzentrum - Beratung f\u00fcr den massiven Hausbau<\/title>\n<meta name=\"description\" content=\"Bauherrenzentrum - Die Beratungsstelle f\u00fcr alle Bauherren, die mit uns massiv bauen m\u00f6chten. Wir beraten Sie und planen Ihr Traumhaus.\" \/>\n<meta name=\"robots\" content=\"index, follow, max-snippet:-1, max-image-preview:large, max-video-preview:-1\" \/>\n<link rel=\"canonical\" href=\"https:\/\/www.massiv-bau-haus.de\/index.php\/bauherrenzentrum\/\" \/>\n<meta property=\"og:locale\" content=\"de_DE\" \/>\n<meta property=\"og:type\" content=\"article\" \/>\n<meta property=\"og:title\" content=\"Bauherrenzentrum - Beratung f\u00fcr den massiven Hausbau\" \/>\n<meta property=\"og:description\" content=\"Bauherrenzentrum - Die Beratungsstelle f\u00fcr alle Bauherren, die mit uns massiv bauen m\u00f6chten. Wir beraten Sie und planen Ihr Traumhaus.\" \/>\n<meta property=\"og:url\" content=\"https:\/\/www.massiv-bau-haus.de\/index.php\/bauherrenzentrum\/\" \/>\n<meta property=\"og:site_name\" content=\"Massiv Bau Haus, Hausbau in Mecklenburg Vorpommern\" \/>\n<meta property=\"article:publisher\" content=\"http:\/\/www.facebook.com\/massivbauhaus\" \/>\n<meta property=\"article:modified_time\" content=\"2018-05-12T08:18:54+00:00\" \/>\n<meta property=\"og:image\" content=\"https:\/\/www.massiv-bau-haus.de\/wp-content\/uploads\/bhz_02.jpg\" \/>\n<meta name=\"twitter:card\" content=\"summary_large_image\" \/>\n<meta name=\"twitter:label1\" content=\"Gesch\u00e4tzte Lesezeit\" \/>\n\t<meta name=\"twitter:data1\" content=\"6\u00a0Minuten\" \/>\n<script type=\"application\/ld+json\" class=\"yoast-schema-graph\">{\"@context\":\"https:\/\/schema.org\",\"@graph\":[{\"@type\":\"WebPage\",\"@id\":\"https:\/\/www.massiv-bau-haus.de\/index.php\/bauherrenzentrum\/\",\"url\":\"https:\/\/www.massiv-bau-haus.de\/index.php\/bauherrenzentrum\/\",\"name\":\"Bauherrenzentrum - Beratung f\u00fcr den massiven Hausbau\",\"isPartOf\":{\"@id\":\"https:\/\/www.massiv-bau-haus.de\/#website\"},\"datePublished\":\"2011-11-30T09:25:52+00:00\",\"dateModified\":\"2018-05-12T08:18:54+00:00\",\"description\":\"Bauherrenzentrum - Die Beratungsstelle f\u00fcr alle Bauherren, die mit uns massiv bauen m\u00f6chten. Wir beraten Sie und planen Ihr Traumhaus.\",\"breadcrumb\":{\"@id\":\"https:\/\/www.massiv-bau-haus.de\/index.php\/bauherrenzentrum\/#breadcrumb\"},\"inLanguage\":\"de\",\"potentialAction\":[{\"@type\":\"ReadAction\",\"target\":[\"https:\/\/www.massiv-bau-haus.de\/index.php\/bauherrenzentrum\/\"]}]},{\"@type\":\"BreadcrumbList\",\"@id\":\"https:\/\/www.massiv-bau-haus.de\/index.php\/bauherrenzentrum\/#breadcrumb\",\"itemListElement\":[{\"@type\":\"ListItem\",\"position\":1,\"name\":\"Startseite\",\"item\":\"https:\/\/www.massiv-bau-haus.de\/\"},{\"@type\":\"ListItem\",\"position\":2,\"name\":\"Bauherrenzentrum\"}]},{\"@type\":\"WebSite\",\"@id\":\"https:\/\/www.massiv-bau-haus.de\/#website\",\"url\":\"https:\/\/www.massiv-bau-haus.de\/\",\"name\":\"Massiv Bau Haus, Hausbau in Mecklenburg Vorpommern\",\"description\":\"Hausbau in Rostock und Mecklenburg Vorpommern\",\"potentialAction\":[{\"@type\":\"SearchAction\",\"target\":{\"@type\":\"EntryPoint\",\"urlTemplate\":\"https:\/\/www.massiv-bau-haus.de\/?s={search_term_string}\"},\"query-input\":\"required name=search_term_string\"}],\"inLanguage\":\"de\"}]}<\/script>\n<!-- \/ Yoast SEO plugin. -->","yoast_head_json":{"title":"Bauherrenzentrum - Beratung f\u00fcr den massiven Hausbau","description":"Bauherrenzentrum - Die Beratungsstelle f\u00fcr alle Bauherren, die mit uns massiv bauen m\u00f6chten. Wir beraten Sie und planen Ihr Traumhaus.","robots":{"index":"index","follow":"follow","max-snippet":"max-snippet:-1","max-image-preview":"max-image-preview:large","max-video-preview":"max-video-preview:-1"},"canonical":"https:\/\/www.massiv-bau-haus.de\/index.php\/bauherrenzentrum\/","og_locale":"de_DE","og_type":"article","og_title":"Bauherrenzentrum - Beratung f\u00fcr den massiven Hausbau","og_description":"Bauherrenzentrum - Die Beratungsstelle f\u00fcr alle Bauherren, die mit uns massiv bauen m\u00f6chten. Wir beraten Sie und planen Ihr Traumhaus.","og_url":"https:\/\/www.massiv-bau-haus.de\/index.php\/bauherrenzentrum\/","og_site_name":"Massiv Bau Haus, Hausbau in Mecklenburg Vorpommern","article_publisher":"http:\/\/www.facebook.com\/massivbauhaus","article_modified_time":"2018-05-12T08:18:54+00:00","og_image":[{"url":"https:\/\/www.massiv-bau-haus.de\/wp-content\/uploads\/bhz_02.jpg"}],"twitter_card":"summary_large_image","twitter_misc":{"Gesch\u00e4tzte Lesezeit":"6\u00a0Minuten"},"schema":{"@context":"https:\/\/schema.org","@graph":[{"@type":"WebPage","@id":"https:\/\/www.massiv-bau-haus.de\/index.php\/bauherrenzentrum\/","url":"https:\/\/www.massiv-bau-haus.de\/index.php\/bauherrenzentrum\/","name":"Bauherrenzentrum - Beratung f\u00fcr den massiven Hausbau","isPartOf":{"@id":"https:\/\/www.massiv-bau-haus.de\/#website"},"datePublished":"2011-11-30T09:25:52+00:00","dateModified":"2018-05-12T08:18:54+00:00","description":"Bauherrenzentrum - Die Beratungsstelle f\u00fcr alle Bauherren, die mit uns massiv bauen m\u00f6chten. Wir beraten Sie und planen Ihr Traumhaus.","breadcrumb":{"@id":"https:\/\/www.massiv-bau-haus.de\/index.php\/bauherrenzentrum\/#breadcrumb"},"inLanguage":"de","potentialAction":[{"@type":"ReadAction","target":["https:\/\/www.massiv-bau-haus.de\/index.php\/bauherrenzentrum\/"]}]},{"@type":"BreadcrumbList","@id":"https:\/\/www.massiv-bau-haus.de\/index.php\/bauherrenzentrum\/#breadcrumb","itemListElement":[{"@type":"ListItem","position":1,"name":"Startseite","item":"https:\/\/www.massiv-bau-haus.de\/"},{"@type":"ListItem","position":2,"name":"Bauherrenzentrum"}]},{"@type":"WebSite","@id":"https:\/\/www.massiv-bau-haus.de\/#website","url":"https:\/\/www.massiv-bau-haus.de\/","name":"Massiv Bau Haus, Hausbau in Mecklenburg Vorpommern","description":"Hausbau in Rostock und Mecklenburg Vorpommern","potentialAction":[{"@type":"SearchAction","target":{"@type":"EntryPoint","urlTemplate":"https:\/\/www.massiv-bau-haus.de\/?s={search_term_string}"},"query-input":"required name=search_term_string"}],"inLanguage":"de"}]}},"_links":{"self":[{"href":"https:\/\/www.massiv-bau-haus.de\/index.php\/wp-json\/wp\/v2\/pages\/51"}],"collection":[{"href":"https:\/\/www.massiv-bau-haus.de\/index.php\/wp-json\/wp\/v2\/pages"}],"about":[{"href":"https:\/\/www.massiv-bau-haus.de\/index.php\/wp-json\/wp\/v2\/types\/page"}],"author":[{"embeddable":true,"href":"https:\/\/www.massiv-bau-haus.de\/index.php\/wp-json\/wp\/v2\/users\/5"}],"replies":[{"embeddable":true,"href":"https:\/\/www.massiv-bau-haus.de\/index.php\/wp-json\/wp\/v2\/comments?post=51"}],"version-history":[{"count":40,"href":"https:\/\/www.massiv-bau-haus.de\/index.php\/wp-json\/wp\/v2\/pages\/51\/revisions"}],"predecessor-version":[{"id":53,"href":"https:\/\/www.massiv-bau-haus.de\/index.php\/wp-json\/wp\/v2\/pages\/51\/revisions\/53"}],"wp:attachment":[{"href":"https:\/\/www.massiv-bau-haus.de\/index.php\/wp-json\/wp\/v2\/media?parent=51"}],"curies":[{"name":"wp","href":"https:\/\/api.w.org\/{rel}","templated":true}]}}