{"id":503,"date":"2012-03-18T10:47:04","date_gmt":"2012-03-18T10:47:04","guid":{"rendered":"http:\/\/new.massivbiohaus.de\/?page_id=503"},"modified":"2012-03-18T10:47:14","modified_gmt":"2012-03-18T10:47:14","slug":"spezialtiefbau-wasserhaltungbaugrube","status":"publish","type":"page","link":"https:\/\/www.massiv-bau-haus.de\/index.php\/spezialtiefbau-wasserhaltungbaugrube\/","title":{"rendered":"Spezialtiefbau &#8211; Wasserhaltung\/Baugrube"},"content":{"rendered":"<h1>Spezialtiefbau &#8211; Wasserhaltung\/Baugrube<\/h1>\n<p><strong>Was macht man wenn der Grundwasserspiegel zu hoch ist?<\/strong><br \/>\nGew\u00f6hnlich tritt bei Baugruben nur Niederschlagswasser auf, welches unter Umst\u00e4nden abgef\u00fchrt werden muss.<br \/>\nF\u00fcr den Fall, dass Grundwasser in der Baugrube auftritt, ist es notwendig, den Grundwasserstand zu senken, um das Bauwerk im Trockenen herzustellen.<br \/>\nJe nachdem, ob das Abpumpen des Wassers in der Baugrube ausreicht, oder ob eine voreilende Grundwasserabsenkung vorgenommen werden muss, wird zwischen offener und geschlossener Wasserhaltung (Grundwasserabsenkung) unterschieden.<\/p>\n<p><strong>Definition der Wasserhaltung:<\/strong><br \/>\nUnter Wasserhaltung versteht man s\u00e4mtliche Arbeiten, Einrichtungen und Ma\u00dfnahmen, die dazu dienen, das beim Baugrubenaushub zutage tretende Wasser zu entfernen oder von der Baugrube fernzuhalten und die Sohle trocken zu halten.<br \/>\nDazu geh\u00f6rt auch das Entfernen von Regenwasser, Zufl\u00fcssen aus angeschnittenen Kanalisationen und Drainageleitungen oder Sickerwasser.<\/p>\n<p><strong>Offene Wasserhaltung:<\/strong><br \/>\nDie offene Wasserhaltung ist die typische und einfachste Art, eine Baugrube im Grandwasserbereich trocken zu halten.<br \/>\nDas Entfernen des Wassers erfolgt bei dieser Methode gleichzeitig mit dem Baugrubenaushub.<br \/>\nEs werden Pumpen in eine Vertiefung der Baugrube gestellt und das vorhandene und zuflie\u00dfende Wasser abgepumpt.<\/p>\n<p><strong>Geschlossene Wasserhaltung:<\/strong><br \/>\nBei der geschlossenen Wasserhaltung erfolgt das Entfernen des Wassers vor dem Aushub der Baugrube oder eines nach unten begrenzten Aushubabschnittes.<br \/>\nAu\u00dferhalb der Baugrube l\u00e4uft die Pumpe in einem eigens daf\u00fcr speziell gebohrten Brunnen, von dem aus der lokale Grundwasserspiegel soweit abgesenkt wird, bis die Grube trocken ist. Mitunter steht der Schacht auch direkt in der Baugrube.<br \/>\nMehrere solcher Pumpen in einem Ring um die Baugrube k\u00f6nnen auch gr\u00f6\u00dfere Baugruben trocken halten.<br \/>\nHinweis: F\u00fcr eine geschlossenen Wasserhaltung braucht man eine Genehmigung, da es in der Umgebung zu Problemen an bestehenden Geb\u00e4uden kommen kann (bspw. Setzungserscheinungen). Aus diesem Grund wird bei der vorliegenden Nachbarbebauung eine Beweissicherung durchgef\u00fchrt.<\/p>\n","protected":false},"excerpt":{"rendered":"<p>Spezialtiefbau &#8211; Wasserhaltung\/Baugrube Was macht man wenn der Grundwasserspiegel zu hoch ist? Gew\u00f6hnlich tritt bei Baugruben nur Niederschlagswasser auf, welches unter Umst\u00e4nden abgef\u00fchrt werden muss. F\u00fcr den Fall, dass Grundwasser in der Baugrube auftritt, ist es notwendig, den Grundwasserstand zu senken, um das Bauwerk im Trockenen herzustellen. Je nachdem, ob das Abpumpen des Wassers in [&hellip;]<\/p>\n","protected":false},"author":5,"featured_media":0,"parent":0,"menu_order":0,"comment_status":"closed","ping_status":"open","template":"","meta":{"footnotes":""},"yoast_head":"<!-- This site is optimized with the Yoast SEO plugin v22.0 - https:\/\/yoast.com\/wordpress\/plugins\/seo\/ -->\n<title>Spezialtiefbau - Wasserhaltung\/Baugrube - Massiv Bau Haus, Hausbau in Mecklenburg Vorpommern<\/title>\n<meta name=\"robots\" content=\"index, follow, max-snippet:-1, max-image-preview:large, max-video-preview:-1\" \/>\n<link rel=\"canonical\" href=\"https:\/\/www.massiv-bau-haus.de\/index.php\/spezialtiefbau-wasserhaltungbaugrube\/\" \/>\n<meta property=\"og:locale\" content=\"de_DE\" \/>\n<meta property=\"og:type\" content=\"article\" \/>\n<meta property=\"og:title\" content=\"Spezialtiefbau - Wasserhaltung\/Baugrube - Massiv Bau Haus, Hausbau in Mecklenburg Vorpommern\" \/>\n<meta property=\"og:description\" content=\"Spezialtiefbau &#8211; Wasserhaltung\/Baugrube Was macht man wenn der Grundwasserspiegel zu hoch ist? Gew\u00f6hnlich tritt bei Baugruben nur Niederschlagswasser auf, welches unter Umst\u00e4nden abgef\u00fchrt werden muss. F\u00fcr den Fall, dass Grundwasser in der Baugrube auftritt, ist es notwendig, den Grundwasserstand zu senken, um das Bauwerk im Trockenen herzustellen. Je nachdem, ob das Abpumpen des Wassers in [&hellip;]\" \/>\n<meta property=\"og:url\" content=\"https:\/\/www.massiv-bau-haus.de\/index.php\/spezialtiefbau-wasserhaltungbaugrube\/\" \/>\n<meta property=\"og:site_name\" content=\"Massiv Bau Haus, Hausbau in Mecklenburg Vorpommern\" \/>\n<meta property=\"article:publisher\" content=\"http:\/\/www.facebook.com\/massivbauhaus\" \/>\n<meta property=\"article:modified_time\" content=\"2012-03-18T10:47:14+00:00\" \/>\n<meta name=\"twitter:card\" content=\"summary_large_image\" \/>\n<meta name=\"twitter:label1\" content=\"Gesch\u00e4tzte Lesezeit\" \/>\n\t<meta name=\"twitter:data1\" content=\"1\u00a0Minute\" \/>\n<script type=\"application\/ld+json\" class=\"yoast-schema-graph\">{\"@context\":\"https:\/\/schema.org\",\"@graph\":[{\"@type\":\"WebPage\",\"@id\":\"https:\/\/www.massiv-bau-haus.de\/index.php\/spezialtiefbau-wasserhaltungbaugrube\/\",\"url\":\"https:\/\/www.massiv-bau-haus.de\/index.php\/spezialtiefbau-wasserhaltungbaugrube\/\",\"name\":\"Spezialtiefbau - Wasserhaltung\/Baugrube - Massiv Bau Haus, Hausbau in Mecklenburg Vorpommern\",\"isPartOf\":{\"@id\":\"https:\/\/www.massiv-bau-haus.de\/#website\"},\"datePublished\":\"2012-03-18T10:47:04+00:00\",\"dateModified\":\"2012-03-18T10:47:14+00:00\",\"breadcrumb\":{\"@id\":\"https:\/\/www.massiv-bau-haus.de\/index.php\/spezialtiefbau-wasserhaltungbaugrube\/#breadcrumb\"},\"inLanguage\":\"de\",\"potentialAction\":[{\"@type\":\"ReadAction\",\"target\":[\"https:\/\/www.massiv-bau-haus.de\/index.php\/spezialtiefbau-wasserhaltungbaugrube\/\"]}]},{\"@type\":\"BreadcrumbList\",\"@id\":\"https:\/\/www.massiv-bau-haus.de\/index.php\/spezialtiefbau-wasserhaltungbaugrube\/#breadcrumb\",\"itemListElement\":[{\"@type\":\"ListItem\",\"position\":1,\"name\":\"Startseite\",\"item\":\"https:\/\/www.massiv-bau-haus.de\/\"},{\"@type\":\"ListItem\",\"position\":2,\"name\":\"Spezialtiefbau &#8211; Wasserhaltung\/Baugrube\"}]},{\"@type\":\"WebSite\",\"@id\":\"https:\/\/www.massiv-bau-haus.de\/#website\",\"url\":\"https:\/\/www.massiv-bau-haus.de\/\",\"name\":\"Massiv Bau Haus, Hausbau in Mecklenburg Vorpommern\",\"description\":\"Hausbau in Rostock und Mecklenburg Vorpommern\",\"potentialAction\":[{\"@type\":\"SearchAction\",\"target\":{\"@type\":\"EntryPoint\",\"urlTemplate\":\"https:\/\/www.massiv-bau-haus.de\/?s={search_term_string}\"},\"query-input\":\"required name=search_term_string\"}],\"inLanguage\":\"de\"}]}<\/script>\n<!-- \/ Yoast SEO plugin. -->","yoast_head_json":{"title":"Spezialtiefbau - Wasserhaltung\/Baugrube - Massiv Bau Haus, Hausbau in Mecklenburg Vorpommern","robots":{"index":"index","follow":"follow","max-snippet":"max-snippet:-1","max-image-preview":"max-image-preview:large","max-video-preview":"max-video-preview:-1"},"canonical":"https:\/\/www.massiv-bau-haus.de\/index.php\/spezialtiefbau-wasserhaltungbaugrube\/","og_locale":"de_DE","og_type":"article","og_title":"Spezialtiefbau - Wasserhaltung\/Baugrube - Massiv Bau Haus, Hausbau in Mecklenburg Vorpommern","og_description":"Spezialtiefbau &#8211; Wasserhaltung\/Baugrube Was macht man wenn der Grundwasserspiegel zu hoch ist? Gew\u00f6hnlich tritt bei Baugruben nur Niederschlagswasser auf, welches unter Umst\u00e4nden abgef\u00fchrt werden muss. F\u00fcr den Fall, dass Grundwasser in der Baugrube auftritt, ist es notwendig, den Grundwasserstand zu senken, um das Bauwerk im Trockenen herzustellen. Je nachdem, ob das Abpumpen des Wassers in [&hellip;]","og_url":"https:\/\/www.massiv-bau-haus.de\/index.php\/spezialtiefbau-wasserhaltungbaugrube\/","og_site_name":"Massiv Bau Haus, Hausbau in Mecklenburg Vorpommern","article_publisher":"http:\/\/www.facebook.com\/massivbauhaus","article_modified_time":"2012-03-18T10:47:14+00:00","twitter_card":"summary_large_image","twitter_misc":{"Gesch\u00e4tzte Lesezeit":"1\u00a0Minute"},"schema":{"@context":"https:\/\/schema.org","@graph":[{"@type":"WebPage","@id":"https:\/\/www.massiv-bau-haus.de\/index.php\/spezialtiefbau-wasserhaltungbaugrube\/","url":"https:\/\/www.massiv-bau-haus.de\/index.php\/spezialtiefbau-wasserhaltungbaugrube\/","name":"Spezialtiefbau - Wasserhaltung\/Baugrube - Massiv Bau Haus, Hausbau in Mecklenburg Vorpommern","isPartOf":{"@id":"https:\/\/www.massiv-bau-haus.de\/#website"},"datePublished":"2012-03-18T10:47:04+00:00","dateModified":"2012-03-18T10:47:14+00:00","breadcrumb":{"@id":"https:\/\/www.massiv-bau-haus.de\/index.php\/spezialtiefbau-wasserhaltungbaugrube\/#breadcrumb"},"inLanguage":"de","potentialAction":[{"@type":"ReadAction","target":["https:\/\/www.massiv-bau-haus.de\/index.php\/spezialtiefbau-wasserhaltungbaugrube\/"]}]},{"@type":"BreadcrumbList","@id":"https:\/\/www.massiv-bau-haus.de\/index.php\/spezialtiefbau-wasserhaltungbaugrube\/#breadcrumb","itemListElement":[{"@type":"ListItem","position":1,"name":"Startseite","item":"https:\/\/www.massiv-bau-haus.de\/"},{"@type":"ListItem","position":2,"name":"Spezialtiefbau &#8211; Wasserhaltung\/Baugrube"}]},{"@type":"WebSite","@id":"https:\/\/www.massiv-bau-haus.de\/#website","url":"https:\/\/www.massiv-bau-haus.de\/","name":"Massiv Bau Haus, Hausbau in Mecklenburg Vorpommern","description":"Hausbau in Rostock und Mecklenburg Vorpommern","potentialAction":[{"@type":"SearchAction","target":{"@type":"EntryPoint","urlTemplate":"https:\/\/www.massiv-bau-haus.de\/?s={search_term_string}"},"query-input":"required name=search_term_string"}],"inLanguage":"de"}]}},"_links":{"self":[{"href":"https:\/\/www.massiv-bau-haus.de\/index.php\/wp-json\/wp\/v2\/pages\/503"}],"collection":[{"href":"https:\/\/www.massiv-bau-haus.de\/index.php\/wp-json\/wp\/v2\/pages"}],"about":[{"href":"https:\/\/www.massiv-bau-haus.de\/index.php\/wp-json\/wp\/v2\/types\/page"}],"author":[{"embeddable":true,"href":"https:\/\/www.massiv-bau-haus.de\/index.php\/wp-json\/wp\/v2\/users\/5"}],"replies":[{"embeddable":true,"href":"https:\/\/www.massiv-bau-haus.de\/index.php\/wp-json\/wp\/v2\/comments?post=503"}],"version-history":[{"count":2,"href":"https:\/\/www.massiv-bau-haus.de\/index.php\/wp-json\/wp\/v2\/pages\/503\/revisions"}],"predecessor-version":[{"id":505,"href":"https:\/\/www.massiv-bau-haus.de\/index.php\/wp-json\/wp\/v2\/pages\/503\/revisions\/505"}],"wp:attachment":[{"href":"https:\/\/www.massiv-bau-haus.de\/index.php\/wp-json\/wp\/v2\/media?parent=503"}],"curies":[{"name":"wp","href":"https:\/\/api.w.org\/{rel}","templated":true}]}}