{"id":280,"date":"2012-01-10T14:05:14","date_gmt":"2012-01-10T14:05:14","guid":{"rendered":"http:\/\/new.massivbiohaus.de\/?page_id=280"},"modified":"2017-10-09T09:51:56","modified_gmt":"2017-10-09T09:51:56","slug":"energieversorgung","status":"publish","type":"page","link":"https:\/\/www.massiv-bau-haus.de\/index.php\/energieversorgung\/","title":{"rendered":"Energieversorgung"},"content":{"rendered":"<section  class='av_textblock_section av-av_textblock-0366cc7376be6c9e82a3e9cc8987b64f'  itemscope=\"itemscope\" itemtype=\"https:\/\/schema.org\/CreativeWork\" ><div class='avia_textblock'  itemprop=\"text\" ><h1>Energieversorgung<\/h1>\n<p>Egal ob Sie neu bauen, aus- bzw. umbauen oder Ihre alten Anlagen erneuern wollen (m\u00fcssen?). Wir k\u00f6nnen Ihnen helfen, alternative Energiequellen zur zus\u00e4tzlichen Deckung Ihres Energiebedarfs zu erschlie\u00dfen. Die erh\u00f6hten Anschaffungskosten werden schon in Anbetracht der heutigen Energiepreise (und erst recht bei den zuk\u00fcnftig erheblich steigenden Kosten) mittelfristig wieder amortisiert. Die Technik ist ausgereift und haltbar. Und letztendlich entlastet die alternative Energiegewinnung unsere Umwelt. <span style=\"color: #336600;\"><strong>Sprechen Sie uns an<\/strong><\/span>. Wir beraten Sie und unterbreiten Ihnen gern eine auf Ihr Bauvorhaben zugeschnittene Machbarkeitsstudie und Rentabilit\u00e4tsrechnung.<\/p>\n<\/div><\/section>\n\n<style type=\"text\/css\" data-created_by=\"avia_inline_auto\" id=\"style-css-av-av_one_third-6126cab7d8fab8d08143dd2dacdf673c\">\n.flex_column.av-av_one_third-6126cab7d8fab8d08143dd2dacdf673c{\n-webkit-border-radius:0px 0px 0px 0px;\n-moz-border-radius:0px 0px 0px 0px;\nborder-radius:0px 0px 0px 0px;\npadding:0px 0px 0px 0px;\n}\n<\/style>\n<div class='flex_column av-av_one_third-6126cab7d8fab8d08143dd2dacdf673c av_one_third  avia-builder-el-1  el_after_av_textblock  el_before_av_one_third  first flex_column_div av-zero-column-padding column-top-margin'     ><section  class='av_textblock_section av-av_textblock-0366cc7376be6c9e82a3e9cc8987b64f'  itemscope=\"itemscope\" itemtype=\"https:\/\/schema.org\/CreativeWork\" ><div class='avia_textblock'  itemprop=\"text\" ><h2><a title=\"Luftw\u00e4rmepumpe\" href=\"http:\/\/new.massivbiohaus.de\/?page_id=292\">Luftw\u00e4rmepumpe<\/a><\/h2>\n<p><img loading=\"lazy\" decoding=\"async\" class=\"alignnone size-full wp-image-286\" title=\"energie01\" src=\"http:\/\/new.massivbiohaus.de\/wp-content\/uploads\/energie01.jpg\" alt=\"\" width=\"200\" height=\"141\" \/><br \/>\nErw\u00e4rmte Raumluft wird aus angeschlossenen Wohnr\u00e4umen durch das im Ger\u00e4t integrierte Ventilatorsystem \u00fcber einen W\u00e4rmtauscher des W\u00e4rmepumpenkreislaufes geleitet. Die dabei zur\u00fcckgewonnene W\u00e4rme wird \u00fcber eine direkte Heizfl\u00e4che in einen Doppelmantelspeicher \u00fcbertragen. Dieses Doppelmantelsystem des Brauchwasserspeichers erm\u00f6glicht die gleichzeitige Erw\u00e4rmung von Heiz- und Brauchwasser.<br \/>\n&#8230; <a title=\"Luftw\u00e4rmepumpe\" href=\"http:\/\/new.massivbiohaus.de\/?page_id=292\">weiter<\/a><\/p>\n<\/div><\/section><\/div>\n\n<style type=\"text\/css\" data-created_by=\"avia_inline_auto\" id=\"style-css-av-av_one_third-0aa7055fe62c3622faec82866afbaeb2\">\n.flex_column.av-av_one_third-0aa7055fe62c3622faec82866afbaeb2{\n-webkit-border-radius:0px 0px 0px 0px;\n-moz-border-radius:0px 0px 0px 0px;\nborder-radius:0px 0px 0px 0px;\npadding:0px 0px 0px 0px;\n}\n<\/style>\n<div class='flex_column av-av_one_third-0aa7055fe62c3622faec82866afbaeb2 av_one_third  avia-builder-el-3  el_after_av_one_third  el_before_av_one_third  flex_column_div av-zero-column-padding column-top-margin'     ><section  class='av_textblock_section av-av_textblock-0366cc7376be6c9e82a3e9cc8987b64f'  itemscope=\"itemscope\" itemtype=\"https:\/\/schema.org\/CreativeWork\" ><div class='avia_textblock'  itemprop=\"text\" ><h2><a title=\"Photovoltaik\" href=\"http:\/\/new.massivbiohaus.de\/?page_id=300\">Photovoltaik<\/a><\/h2>\n<p><img loading=\"lazy\" decoding=\"async\" class=\"alignnone size-full wp-image-288\" title=\"energie02\" src=\"http:\/\/new.massivbiohaus.de\/wp-content\/uploads\/energie02.jpg\" alt=\"\" width=\"200\" height=\"141\" \/><br \/>\nBundestagbeschluss: Betreiber von Solarstromanlagen erhalten ab 01.01.2004 eine lukrative Verg\u00fctung f\u00fcr den ins \u00f6ffentliche Netz eingespeisen Strom. Die regionalen Energieversorger m\u00fcssen den gesamten, von ihrer Anlage produzierten Strom abnehmen (\u00a7 4 und 5 EEG).<br \/>\n(Voraussetzung: Ein genehmigter Netzanschluss f\u00fcr Ihre Solaranlage.)<br \/>\n\u2026 <a title=\"Photovoltaik\" href=\"http:\/\/new.massivbiohaus.de\/?page_id=300\">weiter<\/a><\/p>\n<\/div><\/section><\/div>\n\n<style type=\"text\/css\" data-created_by=\"avia_inline_auto\" id=\"style-css-av-av_one_third-0aa7055fe62c3622faec82866afbaeb2\">\n.flex_column.av-av_one_third-0aa7055fe62c3622faec82866afbaeb2{\n-webkit-border-radius:0px 0px 0px 0px;\n-moz-border-radius:0px 0px 0px 0px;\nborder-radius:0px 0px 0px 0px;\npadding:0px 0px 0px 0px;\n}\n<\/style>\n<div class='flex_column av-av_one_third-0aa7055fe62c3622faec82866afbaeb2 av_one_third  avia-builder-el-5  el_after_av_one_third  el_before_av_textblock  flex_column_div av-zero-column-padding column-top-margin'     ><section  class='av_textblock_section av-av_textblock-0366cc7376be6c9e82a3e9cc8987b64f'  itemscope=\"itemscope\" itemtype=\"https:\/\/schema.org\/CreativeWork\" ><div class='avia_textblock'  itemprop=\"text\" ><h2><a title=\"Erdw\u00e4rmepumpe\" href=\"http:\/\/new.massivbiohaus.de\/?page_id=305\">Erdw\u00e4rmepumpe<\/a><\/h2>\n<p><img loading=\"lazy\" decoding=\"async\" class=\"alignnone size-full wp-image-290\" title=\"energie03\" src=\"http:\/\/new.massivbiohaus.de\/wp-content\/uploads\/energie03.jpg\" alt=\"\" width=\"200\" height=\"141\" \/><br \/>\nDie W\u00e4rmepumpe nutzt einen Teil der auf ihrem Grundst\u00fcck gespeicherten Sonnenw\u00e4rme.<br \/>\nEin Erdkollektor wird in Schleifen gelegt und im Boden eingegraben. Die in den Schleifen zirkulierende umweltfreundliche, frostsichere Wasser-Glykol-Fl\u00fcssigkeit wird von der umgebenden Erde erw\u00e4rmt.<\/p>\n<\/div><\/section><\/div>\n<section  class='av_textblock_section av-av_textblock-0366cc7376be6c9e82a3e9cc8987b64f'  itemscope=\"itemscope\" itemtype=\"https:\/\/schema.org\/CreativeWork\" ><div class='avia_textblock'  itemprop=\"text\" ><h1>Massiv Bau Haus Energieberatung<\/h1>\n<p>Wir sind Ihr Dienstleister mit beratenden Informationen und Analysen zu den Themen:<\/p>\n<p>&#8211; Erzeugung<br \/>\n&#8211; Speicherung<br \/>\n&#8211; Transport<br \/>\n&#8211; Bereitstellung<br \/>\n&#8211; Verbrauch<br \/>\n&#8211; Einsatz<br \/>\n&#8211; Einsparung<br \/>\n&#8211; Umwandlung und<br \/>\n&#8211; R\u00fcckgewinnung von Energie unter \u00f6kologischen sowie \u00f6konomischen Aspekten<\/p>\n<p><a href=\"http:\/\/new.massivbiohaus.de\/wp-content\/uploads\/Energiewerthaus.pdf\" target=\"_blank\" rel=\"noopener noreferrer\"><span class=\"link\"><span class=\"btn-css rounded yellow\">Erfahren Sie mehr \u00fcber das Energiewerthaus (PDF)<span class=\"arrow\"> \u00bb<\/span><\/span><\/span><\/a><\/p>\n<h2>Unsere Energieberatungsleistungen:<\/h2>\n<p>&#8211; allgemeine Energieberatung<br \/>\n&#8211; Baubiologieberatung<br \/>\n&#8211; Erstellung von Geb\u00e4udeenergieausweisen<br \/>\n&#8211; Luftdichtigkeits- und Drucktest (Blower-Door-Test)<br \/>\n&#8211; Geb\u00e4ude-Thermographie<br \/>\n&#8211; Beantragung von Energief\u00f6rdermitteln\/ F\u00f6rdermittelberatung<br \/>\n&#8211; Erstellung von Konzepten f\u00fcr &#8222;Energiesparh\u00e4user&#8220;<br \/>\n(bspw. KfW-40 oder KfW-55-Konzepte)<br \/>\n&#8211; energetische Bewertung von Bestandsgeb\u00e4uden<br \/>\n&#8211; Planung von solarthermischen und Photovoltaikanlagen<br \/>\n&#8211; W\u00e4rmebedarfsberechnungen (bspw. f\u00fcr die Auslegung von W\u00e4rmepumpen)<br \/>\n&#8211; Wirtschaftlichkeitsberechnungen<\/p>\n<\/div><\/section>\n","protected":false},"excerpt":{"rendered":"","protected":false},"author":5,"featured_media":0,"parent":0,"menu_order":0,"comment_status":"closed","ping_status":"open","template":"","meta":{"footnotes":""},"yoast_head":"<!-- This site is optimized with the Yoast SEO plugin v22.0 - https:\/\/yoast.com\/wordpress\/plugins\/seo\/ -->\n<title>Energieversorgung - Massiv Bau Haus, Hausbau in Mecklenburg Vorpommern<\/title>\n<meta name=\"robots\" content=\"index, follow, max-snippet:-1, max-image-preview:large, max-video-preview:-1\" \/>\n<link rel=\"canonical\" href=\"https:\/\/www.massiv-bau-haus.de\/index.php\/energieversorgung\/\" \/>\n<meta property=\"og:locale\" content=\"de_DE\" \/>\n<meta property=\"og:type\" content=\"article\" \/>\n<meta property=\"og:title\" content=\"Energieversorgung - Massiv Bau Haus, Hausbau in Mecklenburg Vorpommern\" \/>\n<meta property=\"og:url\" content=\"https:\/\/www.massiv-bau-haus.de\/index.php\/energieversorgung\/\" \/>\n<meta property=\"og:site_name\" content=\"Massiv Bau Haus, Hausbau in Mecklenburg Vorpommern\" \/>\n<meta property=\"article:publisher\" content=\"http:\/\/www.facebook.com\/massivbauhaus\" \/>\n<meta property=\"article:modified_time\" content=\"2017-10-09T09:51:56+00:00\" \/>\n<meta property=\"og:image\" content=\"http:\/\/new.massivbiohaus.de\/wp-content\/uploads\/energie01.jpg\" \/>\n<meta name=\"twitter:card\" content=\"summary_large_image\" \/>\n<meta name=\"twitter:label1\" content=\"Gesch\u00e4tzte Lesezeit\" \/>\n\t<meta name=\"twitter:data1\" content=\"3\u00a0Minuten\" \/>\n<script type=\"application\/ld+json\" class=\"yoast-schema-graph\">{\"@context\":\"https:\/\/schema.org\",\"@graph\":[{\"@type\":\"WebPage\",\"@id\":\"https:\/\/www.massiv-bau-haus.de\/index.php\/energieversorgung\/\",\"url\":\"https:\/\/www.massiv-bau-haus.de\/index.php\/energieversorgung\/\",\"name\":\"Energieversorgung - Massiv Bau Haus, Hausbau in Mecklenburg Vorpommern\",\"isPartOf\":{\"@id\":\"https:\/\/www.massiv-bau-haus.de\/#website\"},\"datePublished\":\"2012-01-10T14:05:14+00:00\",\"dateModified\":\"2017-10-09T09:51:56+00:00\",\"breadcrumb\":{\"@id\":\"https:\/\/www.massiv-bau-haus.de\/index.php\/energieversorgung\/#breadcrumb\"},\"inLanguage\":\"de\",\"potentialAction\":[{\"@type\":\"ReadAction\",\"target\":[\"https:\/\/www.massiv-bau-haus.de\/index.php\/energieversorgung\/\"]}]},{\"@type\":\"BreadcrumbList\",\"@id\":\"https:\/\/www.massiv-bau-haus.de\/index.php\/energieversorgung\/#breadcrumb\",\"itemListElement\":[{\"@type\":\"ListItem\",\"position\":1,\"name\":\"Startseite\",\"item\":\"https:\/\/www.massiv-bau-haus.de\/\"},{\"@type\":\"ListItem\",\"position\":2,\"name\":\"Energieversorgung\"}]},{\"@type\":\"WebSite\",\"@id\":\"https:\/\/www.massiv-bau-haus.de\/#website\",\"url\":\"https:\/\/www.massiv-bau-haus.de\/\",\"name\":\"Massiv Bau Haus, Hausbau in Mecklenburg Vorpommern\",\"description\":\"Hausbau in Rostock und Mecklenburg Vorpommern\",\"potentialAction\":[{\"@type\":\"SearchAction\",\"target\":{\"@type\":\"EntryPoint\",\"urlTemplate\":\"https:\/\/www.massiv-bau-haus.de\/?s={search_term_string}\"},\"query-input\":\"required name=search_term_string\"}],\"inLanguage\":\"de\"}]}<\/script>\n<!-- \/ Yoast SEO plugin. -->","yoast_head_json":{"title":"Energieversorgung - Massiv Bau Haus, Hausbau in Mecklenburg Vorpommern","robots":{"index":"index","follow":"follow","max-snippet":"max-snippet:-1","max-image-preview":"max-image-preview:large","max-video-preview":"max-video-preview:-1"},"canonical":"https:\/\/www.massiv-bau-haus.de\/index.php\/energieversorgung\/","og_locale":"de_DE","og_type":"article","og_title":"Energieversorgung - Massiv Bau Haus, Hausbau in Mecklenburg Vorpommern","og_url":"https:\/\/www.massiv-bau-haus.de\/index.php\/energieversorgung\/","og_site_name":"Massiv Bau Haus, Hausbau in Mecklenburg Vorpommern","article_publisher":"http:\/\/www.facebook.com\/massivbauhaus","article_modified_time":"2017-10-09T09:51:56+00:00","og_image":[{"url":"http:\/\/new.massivbiohaus.de\/wp-content\/uploads\/energie01.jpg"}],"twitter_card":"summary_large_image","twitter_misc":{"Gesch\u00e4tzte Lesezeit":"3\u00a0Minuten"},"schema":{"@context":"https:\/\/schema.org","@graph":[{"@type":"WebPage","@id":"https:\/\/www.massiv-bau-haus.de\/index.php\/energieversorgung\/","url":"https:\/\/www.massiv-bau-haus.de\/index.php\/energieversorgung\/","name":"Energieversorgung - Massiv Bau Haus, Hausbau in Mecklenburg Vorpommern","isPartOf":{"@id":"https:\/\/www.massiv-bau-haus.de\/#website"},"datePublished":"2012-01-10T14:05:14+00:00","dateModified":"2017-10-09T09:51:56+00:00","breadcrumb":{"@id":"https:\/\/www.massiv-bau-haus.de\/index.php\/energieversorgung\/#breadcrumb"},"inLanguage":"de","potentialAction":[{"@type":"ReadAction","target":["https:\/\/www.massiv-bau-haus.de\/index.php\/energieversorgung\/"]}]},{"@type":"BreadcrumbList","@id":"https:\/\/www.massiv-bau-haus.de\/index.php\/energieversorgung\/#breadcrumb","itemListElement":[{"@type":"ListItem","position":1,"name":"Startseite","item":"https:\/\/www.massiv-bau-haus.de\/"},{"@type":"ListItem","position":2,"name":"Energieversorgung"}]},{"@type":"WebSite","@id":"https:\/\/www.massiv-bau-haus.de\/#website","url":"https:\/\/www.massiv-bau-haus.de\/","name":"Massiv Bau Haus, Hausbau in Mecklenburg Vorpommern","description":"Hausbau in Rostock und Mecklenburg Vorpommern","potentialAction":[{"@type":"SearchAction","target":{"@type":"EntryPoint","urlTemplate":"https:\/\/www.massiv-bau-haus.de\/?s={search_term_string}"},"query-input":"required name=search_term_string"}],"inLanguage":"de"}]}},"_links":{"self":[{"href":"https:\/\/www.massiv-bau-haus.de\/index.php\/wp-json\/wp\/v2\/pages\/280"}],"collection":[{"href":"https:\/\/www.massiv-bau-haus.de\/index.php\/wp-json\/wp\/v2\/pages"}],"about":[{"href":"https:\/\/www.massiv-bau-haus.de\/index.php\/wp-json\/wp\/v2\/types\/page"}],"author":[{"embeddable":true,"href":"https:\/\/www.massiv-bau-haus.de\/index.php\/wp-json\/wp\/v2\/users\/5"}],"replies":[{"embeddable":true,"href":"https:\/\/www.massiv-bau-haus.de\/index.php\/wp-json\/wp\/v2\/comments?post=280"}],"version-history":[{"count":17,"href":"https:\/\/www.massiv-bau-haus.de\/index.php\/wp-json\/wp\/v2\/pages\/280\/revisions"}],"predecessor-version":[{"id":2068,"href":"https:\/\/www.massiv-bau-haus.de\/index.php\/wp-json\/wp\/v2\/pages\/280\/revisions\/2068"}],"wp:attachment":[{"href":"https:\/\/www.massiv-bau-haus.de\/index.php\/wp-json\/wp\/v2\/media?parent=280"}],"curies":[{"name":"wp","href":"https:\/\/api.w.org\/{rel}","templated":true}]}}