{"id":173,"date":"2011-12-15T15:01:06","date_gmt":"2011-12-15T15:01:06","guid":{"rendered":"http:\/\/new.massivbiohaus.de\/?page_id=173"},"modified":"2017-04-18T13:03:39","modified_gmt":"2017-04-18T13:03:39","slug":"ausengestaltung","status":"publish","type":"page","link":"https:\/\/www.massiv-bau-haus.de\/index.php\/ausengestaltung\/","title":{"rendered":"Au\u00dfengestaltung"},"content":{"rendered":"\n<style type=\"text\/css\" data-created_by=\"avia_inline_auto\" id=\"style-css-av-av_section-9afbdd76638ef66b72d171063e1f0372\">\n.avia-section.av-av_section-9afbdd76638ef66b72d171063e1f0372 .av-parallax .av-parallax-inner{\nbackground-repeat:no-repeat;\nbackground-image:url(https:\/\/www.massiv-bau-haus.de\/wp-content\/uploads\/aussengestaltung.jpg);\nbackground-position:50% 50%;\nbackground-attachment:scroll;\n}\n<\/style>\n<div id='av_section_1'  class='avia-section av-av_section-9afbdd76638ef66b72d171063e1f0372 main_color avia-section-default avia-no-border-styling  avia-builder-el-0  el_before_av_textblock  avia-builder-el-first  av-parallax-section avia-bg-style-parallax av-minimum-height av-minimum-height-50  container_wrap fullsize'  data-section-bg-repeat='no-repeat' data-av_minimum_height_pc='50'><div class='av-parallax' data-avia-parallax-ratio='0.3' ><div class='av-parallax-inner main_color avia-full-stretch'><\/div><\/div><div class='container av-section-cont-open' ><main  role=\"main\" itemprop=\"mainContentOfPage\"  class='template-page content  av-content-full alpha units'><div class='post-entry post-entry-type-page post-entry-173'><div class='entry-content-wrapper clearfix'><\/div><\/div><\/main><!-- close content main element --><\/div><\/div><div id='after_section_1'  class='main_color av_default_container_wrap container_wrap fullsize'  ><div class='container av-section-cont-open' ><div class='template-page content  av-content-full alpha units'><div class='post-entry post-entry-type-page post-entry-173'><div class='entry-content-wrapper clearfix'>\n<section  class='av_textblock_section av-av_textblock-0366cc7376be6c9e82a3e9cc8987b64f'  itemscope=\"itemscope\" itemtype=\"https:\/\/schema.org\/CreativeWork\" ><div class='avia_textblock'  itemprop=\"text\" ><h1>Landschaftsgestaltung &amp; Au\u00dfenanlagen<\/h1>\n<p>Als Hausbauunternehmen verf\u00fcgen wir nat\u00fcrlich \u00fcber all jene Spezialisten, die Sie f\u00fcr Modernisierung, Erweiterung oder Reparatur Ihres schon bestehenden Hauses ben\u00f6tigen. Vertrauen Sie der langj\u00e4hrigen Erfahrung unserer Mitarbeiter und nutzen Sie Sie das auf vielen Baustellen erworbene und bew\u00e4hrtes &#8222;Know how&#8220;. Die Ergebnisse werden Sie \u00fcberzeugen!<\/p>\n<\/div><\/section>\n\n<style type=\"text\/css\" data-created_by=\"avia_inline_auto\" id=\"style-css-av-av_one_third-6126cab7d8fab8d08143dd2dacdf673c\">\n.flex_column.av-av_one_third-6126cab7d8fab8d08143dd2dacdf673c{\n-webkit-border-radius:0px 0px 0px 0px;\n-moz-border-radius:0px 0px 0px 0px;\nborder-radius:0px 0px 0px 0px;\npadding:0px 0px 0px 0px;\n}\n<\/style>\n<div class='flex_column av-av_one_third-6126cab7d8fab8d08143dd2dacdf673c av_one_third  avia-builder-el-2  el_after_av_textblock  el_before_av_one_third  first flex_column_div av-zero-column-padding column-top-margin'     ><section  class='av_textblock_section av-av_textblock-0366cc7376be6c9e82a3e9cc8987b64f'  itemscope=\"itemscope\" itemtype=\"https:\/\/schema.org\/CreativeWork\" ><div class='avia_textblock'  itemprop=\"text\" ><h2>Planung &amp; Architektur<\/h2>\n<p><img loading=\"lazy\" decoding=\"async\" class=\"alignnone size-full wp-image-270\" title=\"aussen03\" src=\"http:\/\/new.massivbiohaus.de\/wp-content\/uploads\/aussen03.jpg\" alt=\"\" width=\"200\" height=\"141\" \/><br \/>\nF\u00fcr Ihre Ausbau &#8211; und Sanierungs- w\u00fcnsche steht Ihnen bei uns ein erfahrenes Team von Planern und Architekten zur Verf\u00fcgung.<\/p>\n<\/div><\/section><\/div>\n\n<style type=\"text\/css\" data-created_by=\"avia_inline_auto\" id=\"style-css-av-av_one_third-0aa7055fe62c3622faec82866afbaeb2\">\n.flex_column.av-av_one_third-0aa7055fe62c3622faec82866afbaeb2{\n-webkit-border-radius:0px 0px 0px 0px;\n-moz-border-radius:0px 0px 0px 0px;\nborder-radius:0px 0px 0px 0px;\npadding:0px 0px 0px 0px;\n}\n<\/style>\n<div class='flex_column av-av_one_third-0aa7055fe62c3622faec82866afbaeb2 av_one_third  avia-builder-el-4  el_after_av_one_third  el_before_av_one_third  flex_column_div av-zero-column-padding column-top-margin'     ><section  class='av_textblock_section av-av_textblock-0366cc7376be6c9e82a3e9cc8987b64f'  itemscope=\"itemscope\" itemtype=\"https:\/\/schema.org\/CreativeWork\" ><div class='avia_textblock'  itemprop=\"text\" ><h2>Maurer &amp; Putzarbeiten<\/h2>\n<p><img loading=\"lazy\" decoding=\"async\" class=\"alignnone size-full wp-image-271\" title=\"aussen02\" src=\"http:\/\/new.massivbiohaus.de\/wp-content\/uploads\/aussen02.jpg\" alt=\"\" width=\"200\" height=\"141\" \/><br \/>\nQualit\u00e4t, Leistungsbereitschaft und handwerkliches Geschick sind oberstes Gebot und spiegeln sich eindrucksvoll in unserer Arbeit wider.<\/p>\n<\/div><\/section><\/div>\n\n<style type=\"text\/css\" data-created_by=\"avia_inline_auto\" id=\"style-css-av-av_one_third-0aa7055fe62c3622faec82866afbaeb2\">\n.flex_column.av-av_one_third-0aa7055fe62c3622faec82866afbaeb2{\n-webkit-border-radius:0px 0px 0px 0px;\n-moz-border-radius:0px 0px 0px 0px;\nborder-radius:0px 0px 0px 0px;\npadding:0px 0px 0px 0px;\n}\n<\/style>\n<div class='flex_column av-av_one_third-0aa7055fe62c3622faec82866afbaeb2 av_one_third  avia-builder-el-6  el_after_av_one_third  avia-builder-el-last  flex_column_div av-zero-column-padding column-top-margin'     ><section  class='av_textblock_section av-av_textblock-0366cc7376be6c9e82a3e9cc8987b64f'  itemscope=\"itemscope\" itemtype=\"https:\/\/schema.org\/CreativeWork\" ><div class='avia_textblock'  itemprop=\"text\" ><h2>Dachst\u00fchle &amp; Carports<\/h2>\n<p><img loading=\"lazy\" decoding=\"async\" class=\"alignnone size-full wp-image-272\" title=\"aussen04\" src=\"http:\/\/new.massivbiohaus.de\/wp-content\/uploads\/aussen04.jpg\" alt=\"\" width=\"200\" height=\"141\" \/><br \/>\nSie m\u00f6chten Ihre Ausbaureserven nutzen, Sie planen eine Einliegerwohnung unterm Dach, oder suchen einen Modernisierungs-Partner f\u00fcr Ihr Dachgeschoss? Wir bieten Ihnen die Komplettleistung.<\/p>\n<p><strong>\u00a0<\/strong><\/p>\n<\/div><\/section><\/div>\n","protected":false},"excerpt":{"rendered":"","protected":false},"author":5,"featured_media":0,"parent":0,"menu_order":0,"comment_status":"closed","ping_status":"open","template":"","meta":{"footnotes":""},"yoast_head":"<!-- This site is optimized with the Yoast SEO plugin v22.0 - https:\/\/yoast.com\/wordpress\/plugins\/seo\/ -->\n<title>Au\u00dfengestaltung - Massiv Bau Haus, Hausbau in Mecklenburg Vorpommern<\/title>\n<meta name=\"robots\" content=\"index, follow, max-snippet:-1, max-image-preview:large, max-video-preview:-1\" \/>\n<link rel=\"canonical\" href=\"https:\/\/www.massiv-bau-haus.de\/index.php\/ausengestaltung\/\" \/>\n<meta property=\"og:locale\" content=\"de_DE\" \/>\n<meta property=\"og:type\" content=\"article\" \/>\n<meta property=\"og:title\" content=\"Au\u00dfengestaltung - Massiv Bau Haus, Hausbau in Mecklenburg Vorpommern\" \/>\n<meta property=\"og:url\" content=\"https:\/\/www.massiv-bau-haus.de\/index.php\/ausengestaltung\/\" \/>\n<meta property=\"og:site_name\" content=\"Massiv Bau Haus, Hausbau in Mecklenburg Vorpommern\" \/>\n<meta property=\"article:publisher\" content=\"http:\/\/www.facebook.com\/massivbauhaus\" \/>\n<meta property=\"article:modified_time\" content=\"2017-04-18T13:03:39+00:00\" \/>\n<meta property=\"og:image\" content=\"http:\/\/new.massivbiohaus.de\/wp-content\/uploads\/aussen03.jpg\" \/>\n<meta name=\"twitter:card\" content=\"summary_large_image\" \/>\n<meta name=\"twitter:label1\" content=\"Gesch\u00e4tzte Lesezeit\" \/>\n\t<meta name=\"twitter:data1\" content=\"2\u00a0Minuten\" \/>\n<script type=\"application\/ld+json\" class=\"yoast-schema-graph\">{\"@context\":\"https:\/\/schema.org\",\"@graph\":[{\"@type\":\"WebPage\",\"@id\":\"https:\/\/www.massiv-bau-haus.de\/index.php\/ausengestaltung\/\",\"url\":\"https:\/\/www.massiv-bau-haus.de\/index.php\/ausengestaltung\/\",\"name\":\"Au\u00dfengestaltung - Massiv Bau Haus, Hausbau in Mecklenburg Vorpommern\",\"isPartOf\":{\"@id\":\"https:\/\/www.massiv-bau-haus.de\/#website\"},\"datePublished\":\"2011-12-15T15:01:06+00:00\",\"dateModified\":\"2017-04-18T13:03:39+00:00\",\"breadcrumb\":{\"@id\":\"https:\/\/www.massiv-bau-haus.de\/index.php\/ausengestaltung\/#breadcrumb\"},\"inLanguage\":\"de\",\"potentialAction\":[{\"@type\":\"ReadAction\",\"target\":[\"https:\/\/www.massiv-bau-haus.de\/index.php\/ausengestaltung\/\"]}]},{\"@type\":\"BreadcrumbList\",\"@id\":\"https:\/\/www.massiv-bau-haus.de\/index.php\/ausengestaltung\/#breadcrumb\",\"itemListElement\":[{\"@type\":\"ListItem\",\"position\":1,\"name\":\"Startseite\",\"item\":\"https:\/\/www.massiv-bau-haus.de\/\"},{\"@type\":\"ListItem\",\"position\":2,\"name\":\"Au\u00dfengestaltung\"}]},{\"@type\":\"WebSite\",\"@id\":\"https:\/\/www.massiv-bau-haus.de\/#website\",\"url\":\"https:\/\/www.massiv-bau-haus.de\/\",\"name\":\"Massiv Bau Haus, Hausbau in Mecklenburg Vorpommern\",\"description\":\"Hausbau in Rostock und Mecklenburg Vorpommern\",\"potentialAction\":[{\"@type\":\"SearchAction\",\"target\":{\"@type\":\"EntryPoint\",\"urlTemplate\":\"https:\/\/www.massiv-bau-haus.de\/?s={search_term_string}\"},\"query-input\":\"required name=search_term_string\"}],\"inLanguage\":\"de\"}]}<\/script>\n<!-- \/ Yoast SEO plugin. -->","yoast_head_json":{"title":"Au\u00dfengestaltung - Massiv Bau Haus, Hausbau in Mecklenburg Vorpommern","robots":{"index":"index","follow":"follow","max-snippet":"max-snippet:-1","max-image-preview":"max-image-preview:large","max-video-preview":"max-video-preview:-1"},"canonical":"https:\/\/www.massiv-bau-haus.de\/index.php\/ausengestaltung\/","og_locale":"de_DE","og_type":"article","og_title":"Au\u00dfengestaltung - Massiv Bau Haus, Hausbau in Mecklenburg Vorpommern","og_url":"https:\/\/www.massiv-bau-haus.de\/index.php\/ausengestaltung\/","og_site_name":"Massiv Bau Haus, Hausbau in Mecklenburg Vorpommern","article_publisher":"http:\/\/www.facebook.com\/massivbauhaus","article_modified_time":"2017-04-18T13:03:39+00:00","og_image":[{"url":"http:\/\/new.massivbiohaus.de\/wp-content\/uploads\/aussen03.jpg"}],"twitter_card":"summary_large_image","twitter_misc":{"Gesch\u00e4tzte Lesezeit":"2\u00a0Minuten"},"schema":{"@context":"https:\/\/schema.org","@graph":[{"@type":"WebPage","@id":"https:\/\/www.massiv-bau-haus.de\/index.php\/ausengestaltung\/","url":"https:\/\/www.massiv-bau-haus.de\/index.php\/ausengestaltung\/","name":"Au\u00dfengestaltung - Massiv Bau Haus, Hausbau in Mecklenburg Vorpommern","isPartOf":{"@id":"https:\/\/www.massiv-bau-haus.de\/#website"},"datePublished":"2011-12-15T15:01:06+00:00","dateModified":"2017-04-18T13:03:39+00:00","breadcrumb":{"@id":"https:\/\/www.massiv-bau-haus.de\/index.php\/ausengestaltung\/#breadcrumb"},"inLanguage":"de","potentialAction":[{"@type":"ReadAction","target":["https:\/\/www.massiv-bau-haus.de\/index.php\/ausengestaltung\/"]}]},{"@type":"BreadcrumbList","@id":"https:\/\/www.massiv-bau-haus.de\/index.php\/ausengestaltung\/#breadcrumb","itemListElement":[{"@type":"ListItem","position":1,"name":"Startseite","item":"https:\/\/www.massiv-bau-haus.de\/"},{"@type":"ListItem","position":2,"name":"Au\u00dfengestaltung"}]},{"@type":"WebSite","@id":"https:\/\/www.massiv-bau-haus.de\/#website","url":"https:\/\/www.massiv-bau-haus.de\/","name":"Massiv Bau Haus, Hausbau in Mecklenburg Vorpommern","description":"Hausbau in Rostock und Mecklenburg Vorpommern","potentialAction":[{"@type":"SearchAction","target":{"@type":"EntryPoint","urlTemplate":"https:\/\/www.massiv-bau-haus.de\/?s={search_term_string}"},"query-input":"required name=search_term_string"}],"inLanguage":"de"}]}},"_links":{"self":[{"href":"https:\/\/www.massiv-bau-haus.de\/index.php\/wp-json\/wp\/v2\/pages\/173"}],"collection":[{"href":"https:\/\/www.massiv-bau-haus.de\/index.php\/wp-json\/wp\/v2\/pages"}],"about":[{"href":"https:\/\/www.massiv-bau-haus.de\/index.php\/wp-json\/wp\/v2\/types\/page"}],"author":[{"embeddable":true,"href":"https:\/\/www.massiv-bau-haus.de\/index.php\/wp-json\/wp\/v2\/users\/5"}],"replies":[{"embeddable":true,"href":"https:\/\/www.massiv-bau-haus.de\/index.php\/wp-json\/wp\/v2\/comments?post=173"}],"version-history":[{"count":22,"href":"https:\/\/www.massiv-bau-haus.de\/index.php\/wp-json\/wp\/v2\/pages\/173\/revisions"}],"predecessor-version":[{"id":1511,"href":"https:\/\/www.massiv-bau-haus.de\/index.php\/wp-json\/wp\/v2\/pages\/173\/revisions\/1511"}],"wp:attachment":[{"href":"https:\/\/www.massiv-bau-haus.de\/index.php\/wp-json\/wp\/v2\/media?parent=173"}],"curies":[{"name":"wp","href":"https:\/\/api.w.org\/{rel}","templated":true}]}}