{"id":170,"date":"2011-12-15T14:57:56","date_gmt":"2011-12-15T14:57:56","guid":{"rendered":"http:\/\/new.massivbiohaus.de\/?page_id=170"},"modified":"2018-08-10T08:35:13","modified_gmt":"2018-08-10T08:35:13","slug":"massivhaus-bauen","status":"publish","type":"page","link":"https:\/\/www.massiv-bau-haus.de\/index.php\/massivhaus-bauen\/","title":{"rendered":"Massivhaus bauen"},"content":{"rendered":"\n<style type=\"text\/css\" data-created_by=\"avia_inline_auto\" id=\"style-css-av-av_heading-7eefbba006adc23cd835d8d228a9fef7\">\n#top .av-special-heading.av-av_heading-7eefbba006adc23cd835d8d228a9fef7{\npadding-bottom:10px;\n}\nbody .av-special-heading.av-av_heading-7eefbba006adc23cd835d8d228a9fef7 .av-special-heading-tag .heading-char{\nfont-size:25px;\n}\n.av-special-heading.av-av_heading-7eefbba006adc23cd835d8d228a9fef7 .av-subheading{\nfont-size:23px;\n}\n<\/style>\n<div  class='av-special-heading av-av_heading-7eefbba006adc23cd835d8d228a9fef7 av-special-heading-h1 blockquote modern-quote  avia-builder-el-0  el_before_av_textblock  avia-builder-el-first '><h1 class='av-special-heading-tag'  itemprop=\"headline\"  >Sie m\u00f6chten ein ein Massivhaus bauen. <\/h1><div class=\"special-heading-border\"><div class=\"special-heading-inner-border\"><\/div><\/div><\/div>\n<section  class='av_textblock_section av-av_textblock-0366cc7376be6c9e82a3e9cc8987b64f'  itemscope=\"itemscope\" itemtype=\"https:\/\/schema.org\/CreativeWork\" ><div class='avia_textblock'  itemprop=\"text\" ><p>Die Firma MBH Projekt &amp; Handels GmbH ist ein Unternehmen, das mit neuesten Technologien und einem sehr hohen Standard Massivh\u00e4user errichtet. Namhafte Hersteller wie Ytong, Braas, Raab Karcher, Buderus usw. beliefern und begleiten uns.<\/p>\n<p><a href=\"http:\/\/www.massiv-bau-haus.de\/wp-content\/uploads\/Massivhaus-Bauen.jpg\"><img loading=\"lazy\" decoding=\"async\" class=\"alignnone wp-image-1387 size-full\" src=\"http:\/\/www.massiv-bau-haus.de\/wp-content\/uploads\/Massivhaus-Bauen.jpg\" alt=\"Mit Massiv Bau Haus ein Massivhaus bauen. \" width=\"1000\" height=\"316\" srcset=\"https:\/\/www.massiv-bau-haus.de\/wp-content\/uploads\/Massivhaus-Bauen.jpg 1000w, https:\/\/www.massiv-bau-haus.de\/wp-content\/uploads\/Massivhaus-Bauen-300x95.jpg 300w, https:\/\/www.massiv-bau-haus.de\/wp-content\/uploads\/Massivhaus-Bauen-768x243.jpg 768w, https:\/\/www.massiv-bau-haus.de\/wp-content\/uploads\/Massivhaus-Bauen-705x223.jpg 705w, https:\/\/www.massiv-bau-haus.de\/wp-content\/uploads\/Massivhaus-Bauen-450x142.jpg 450w\" sizes=\"(max-width: 1000px) 100vw, 1000px\" \/><\/a><\/p>\n<h2>M\u00f6chten auch Sie ein Massivhaus bauen?<\/h2>\n<p>In unserem <a href=\"http:\/\/www.massiv-bau-haus.de\/index.php\/bauherrenzentrum\/\">Bauherrenzentrum<\/a> k\u00f6nnen Sie die Materialien und die Technik sehen, anfassen und begutachten. Wir vertreten die Auffassung, dass der Kunde in der komplizierten Planungsphase soweit als m\u00f6glich entlastet werden soll. Deshalb k\u00f6nnen Sie in unseren Ausstellungsr\u00e4umen z.B. \u00fcber K\u00fcchen, Vorteile von W\u00e4rmepumpen, Sanit\u00e4rartikel, Fliesen, Baumaterialien und vieles andere stets eine fachm\u00e4nnische Beratung erwarten. Die MASSIV BAU HAUS GmbH versteht sich als Generalunternehmen f\u00fcr komplexe Sanierungs- und Ausbauaufgaben.<\/p>\n<p><strong>&nbsp;<\/strong><\/p>\n<\/div><\/section>\n\n<style type=\"text\/css\" data-created_by=\"avia_inline_auto\" id=\"style-css-av-av_iconlist-7984d67d9ea2a735383cb9b0d6224519\">\n#top .avia-icon-list-container.av-av_iconlist-7984d67d9ea2a735383cb9b0d6224519 .iconlist_icon{\ncolor:#ffffff;\nbackground-color:#83a846;\n}\n<\/style>\n<div  class='avia-icon-list-container av-av_iconlist-7984d67d9ea2a735383cb9b0d6224519  avia-builder-el-2  el_after_av_textblock  el_before_av_heading '><ul class='avia-icon-list avia_animate_when_almost_visible avia-icon-list-left av-iconlist-big av-av_iconlist-7984d67d9ea2a735383cb9b0d6224519 avia-iconlist-animate'>\n<li><div class='iconlist_icon av-av_iconlist_item-f9cc18f348c221d5e0dfb4298a2b22c2 avia-font-entypo-fontello'><span class='iconlist-char' aria-hidden='true' data-av_icon='\ue812' data-av_iconfont='entypo-fontello'><\/span><\/div><article class=\"article-icon-entry av-iconlist-empty\"  itemscope=\"itemscope\" itemtype=\"https:\/\/schema.org\/CreativeWork\" ><div class=\"iconlist_content_wrap\"><header class=\"entry-content-header\"><h4 class='av_iconlist_title iconlist_title  '  itemprop=\"headline\" >s\u00e4mtliche Um- und Ausbauarbeiten von der Planung bis zur Umsetzung<\/h4><\/header><div class='iconlist_content '  itemprop=\"text\" ><\/div><\/div><footer class=\"entry-footer\"><\/footer><\/article><div class=\"iconlist-timeline\"><\/div><\/li>\n<li><div class='iconlist_icon av-av_iconlist_item-4b0eb6ac4a3e68e8c36237b28ede218b avia-font-entypo-fontello'><span class='iconlist-char' aria-hidden='true' data-av_icon='\ue812' data-av_iconfont='entypo-fontello'><\/span><\/div><article class=\"article-icon-entry av-iconlist-empty\"  itemscope=\"itemscope\" itemtype=\"https:\/\/schema.org\/CreativeWork\" ><div class=\"iconlist_content_wrap\"><header class=\"entry-content-header\"><h4 class='av_iconlist_title iconlist_title  '  itemprop=\"headline\" >Maurer-, Putz- und Zimmererarbeiten Trocken- und Innenausbau<\/h4><\/header><div class='iconlist_content '  itemprop=\"text\" ><\/div><\/div><footer class=\"entry-footer\"><\/footer><\/article><div class=\"iconlist-timeline\"><\/div><\/li>\n<li><div class='iconlist_icon av-av_iconlist_item-acd2b93a36df57b83bcfd05c6799043a avia-font-entypo-fontello'><span class='iconlist-char' aria-hidden='true' data-av_icon='\ue812' data-av_iconfont='entypo-fontello'><\/span><\/div><article class=\"article-icon-entry av-iconlist-empty\"  itemscope=\"itemscope\" itemtype=\"https:\/\/schema.org\/CreativeWork\" ><div class=\"iconlist_content_wrap\"><header class=\"entry-content-header\"><h4 class='av_iconlist_title iconlist_title  '  itemprop=\"headline\" >Fliesen &amp; Sanit\u00e4r Heizungs- und Energieversorgungssysteme<\/h4><\/header><div class='iconlist_content '  itemprop=\"text\" ><\/div><\/div><footer class=\"entry-footer\"><\/footer><\/article><div class=\"iconlist-timeline\"><\/div><\/li>\n<li><div class='iconlist_icon av-av_iconlist_item-80eba756b377683354d78cf659209509 avia-font-entypo-fontello'><span class='iconlist-char' aria-hidden='true' data-av_icon='\ue812' data-av_iconfont='entypo-fontello'><\/span><\/div><article class=\"article-icon-entry av-iconlist-empty\"  itemscope=\"itemscope\" itemtype=\"https:\/\/schema.org\/CreativeWork\" ><div class=\"iconlist_content_wrap\"><header class=\"entry-content-header\"><h4 class='av_iconlist_title iconlist_title  '  itemprop=\"headline\" >Au\u00dfenanlagen, Winterg\u00e4rten und Landschaftsgestaltung<\/h4><\/header><div class='iconlist_content '  itemprop=\"text\" ><\/div><\/div><footer class=\"entry-footer\"><\/footer><\/article><div class=\"iconlist-timeline\"><\/div><\/li>\n<\/ul><\/div>\n\n<style type=\"text\/css\" data-created_by=\"avia_inline_auto\" id=\"style-css-av-av_heading-85321f8cb98001b97ede286ce5738349\">\n#top .av-special-heading.av-av_heading-85321f8cb98001b97ede286ce5738349{\npadding-bottom:10px;\n}\nbody .av-special-heading.av-av_heading-85321f8cb98001b97ede286ce5738349 .av-special-heading-tag .heading-char{\nfont-size:25px;\n}\n.av-special-heading.av-av_heading-85321f8cb98001b97ede286ce5738349 .av-subheading{\nfont-size:15px;\n}\n<\/style>\n<div  class='av-special-heading av-av_heading-85321f8cb98001b97ede286ce5738349 av-special-heading-h2  avia-builder-el-3  el_after_av_iconlist  el_before_av_textblock '><h2 class='av-special-heading-tag'  itemprop=\"headline\"  >Unser Qualit\u00e4tsversprechen<\/h2><div class=\"special-heading-border\"><div class=\"special-heading-inner-border\"><\/div><\/div><\/div>\n<section  class='av_textblock_section av-av_textblock-0366cc7376be6c9e82a3e9cc8987b64f'  itemscope=\"itemscope\" itemtype=\"https:\/\/schema.org\/CreativeWork\" ><div class='avia_textblock'  itemprop=\"text\" ><p>Von der Auswahl der Materialien bis zur sauberen, fachgerechten Verarbeitung garantieren wir Ihnen erstklassigen Hausbau.<\/p>\n<p><strong>Nachhaltig und umweltbewusst.<\/strong><br \/>\nWir verwenden nur solche Materialien, die die Gesundheit und das Wohlbefinden der Menschen f\u00f6rdern, und die ohne Schaden anzurichten wieder in den Naturkreislauf zur\u00fcckgef\u00fchrt werden k\u00f6nnen.<br \/>\nGeringe Energiekosten werden durch eine intelligente Kombination von verschiedenen Ma\u00dfnahmen erreicht.<\/p>\n<\/div><\/section>\n\n<style type=\"text\/css\" data-created_by=\"avia_inline_auto\" id=\"style-css-av-av_image-84f35f26582956d8ed0004fd6de7e132\">\n.avia-image-container.av-av_image-84f35f26582956d8ed0004fd6de7e132 img.avia_image{\nbox-shadow:none;\n}\n.avia-image-container.av-av_image-84f35f26582956d8ed0004fd6de7e132 .av-image-caption-overlay-center{\ncolor:#ffffff;\n}\n<\/style>\n<div  class='avia-image-container av-av_image-84f35f26582956d8ed0004fd6de7e132 av-styling- avia-align-center  avia-builder-el-5  el_after_av_textblock  el_before_av_textblock '   itemprop=\"image\" itemscope=\"itemscope\" itemtype=\"https:\/\/schema.org\/ImageObject\" ><div class=\"avia-image-container-inner\"><div class=\"avia-image-overlay-wrap\"><img class='wp-image-1262 avia-img-lazy-loading-not-1262 avia_image ' src='https:\/\/www.massiv-bau-haus.de\/wp-content\/uploads\/hausbau-ausstattung3.jpg' alt='' title='hausbau-ausstattung3'  height=\"450\" width=\"1000\"  itemprop=\"thumbnailUrl\"  \/><\/div><\/div><\/div>\n<section  class='av_textblock_section av-av_textblock-0366cc7376be6c9e82a3e9cc8987b64f'  itemscope=\"itemscope\" itemtype=\"https:\/\/schema.org\/CreativeWork\" ><div class='avia_textblock'  itemprop=\"text\" ><p>Wenn wir f\u00fcr Sie Ihr Massivhaus bauen, verwenden im gesamten Haus ausschlie\u00dflich deutsche Qualit\u00e4tsprodukte, von der Rigipsplatte bis zum 3-fach verglasten Fensterelement.<\/p>\n<p><strong>Unsere Kunden k\u00f6nnten es Ihnen best\u00e4tigen: <\/strong>Wir hatten mit keinem rechtliche Streitigkeiten! Die Kundenzufriedenheit pr\u00e4gt unsere Firmenphilosophie zu Ihrer Sicherheit und Freude am Bau.<\/p>\n<\/div><\/section>\n\n<style type=\"text\/css\" data-created_by=\"avia_inline_auto\" id=\"style-css-av-av_image-193ff703fc2410ac8d8b782d34f9c5da\">\n.avia-image-container.av-av_image-193ff703fc2410ac8d8b782d34f9c5da img.avia_image{\nbox-shadow:none;\n}\n.avia-image-container.av-av_image-193ff703fc2410ac8d8b782d34f9c5da .av-image-caption-overlay-center{\ncolor:#ffffff;\n}\n<\/style>\n<div  class='avia-image-container av-av_image-193ff703fc2410ac8d8b782d34f9c5da av-styling- avia-align-center  avia-builder-el-7  el_after_av_textblock  el_before_av_textblock '   itemprop=\"image\" itemscope=\"itemscope\" itemtype=\"https:\/\/schema.org\/ImageObject\" ><div class=\"avia-image-container-inner\"><div class=\"avia-image-overlay-wrap\"><img class='wp-image-1263 avia-img-lazy-loading-not-1263 avia_image ' src='https:\/\/www.massiv-bau-haus.de\/wp-content\/uploads\/hausbau-ausstattung2.jpg' alt='' title='hausbau-ausstattung2'  height=\"450\" width=\"1000\"  itemprop=\"thumbnailUrl\"  \/><\/div><\/div><\/div>\n<section  class='av_textblock_section av-av_textblock-0366cc7376be6c9e82a3e9cc8987b64f'  itemscope=\"itemscope\" itemtype=\"https:\/\/schema.org\/CreativeWork\" ><div class='avia_textblock'  itemprop=\"text\" ><p>Auch Jahre nach Bauabschlu\u00df sind wir f\u00fcr unsere Kunden immer noch ein empfehlenswerter Baupartner.<\/p>\n<p><strong>Vergleichen Sie den Standard f\u00fcr die Ausstattung unsere H\u00e4user mit unseren Mitbewerbern:<\/strong><\/p>\n<\/div><\/section>\n\n<style type=\"text\/css\" data-created_by=\"avia_inline_auto\" id=\"style-css-av-av_image-d679a03ca493deaed508e454c02d17ff\">\n.avia-image-container.av-av_image-d679a03ca493deaed508e454c02d17ff img.avia_image{\nbox-shadow:none;\n}\n.avia-image-container.av-av_image-d679a03ca493deaed508e454c02d17ff .av-image-caption-overlay-center{\ncolor:#ffffff;\n}\n<\/style>\n<div  class='avia-image-container av-av_image-d679a03ca493deaed508e454c02d17ff av-styling- avia-align-center  avia-builder-el-9  el_after_av_textblock  el_before_av_textblock '   itemprop=\"image\" itemscope=\"itemscope\" itemtype=\"https:\/\/schema.org\/ImageObject\" ><div class=\"avia-image-container-inner\"><div class=\"avia-image-overlay-wrap\"><img class='wp-image-1264 avia-img-lazy-loading-not-1264 avia_image ' src='https:\/\/www.massiv-bau-haus.de\/wp-content\/uploads\/hausbau-ausstattung1.jpg' alt='' title='hausbau-ausstattung1'  height=\"452\" width=\"1000\"  itemprop=\"thumbnailUrl\"  \/><\/div><\/div><\/div>\n<section  class='av_textblock_section av-av_textblock-0366cc7376be6c9e82a3e9cc8987b64f'  itemscope=\"itemscope\" itemtype=\"https:\/\/schema.org\/CreativeWork\" ><div class='avia_textblock'  itemprop=\"text\" ><h2>Wir bieten Ihnen u.a.:<\/h2>\n<\/div><\/section>\n\n<style type=\"text\/css\" data-created_by=\"avia_inline_auto\" id=\"style-css-av-av_iconlist-daf90f74635e44c0eff45ee9d3ad2fbe\">\n#top .avia-icon-list-container.av-av_iconlist-daf90f74635e44c0eff45ee9d3ad2fbe .iconlist_icon{\ncolor:#ffffff;\nbackground-color:#006fb5;\n}\n<\/style>\n<div  class='avia-icon-list-container av-av_iconlist-daf90f74635e44c0eff45ee9d3ad2fbe  avia-builder-el-11  el_after_av_textblock  avia-builder-el-last '><ul class='avia-icon-list avia_animate_when_almost_visible avia-icon-list-left av-iconlist-big av-av_iconlist-daf90f74635e44c0eff45ee9d3ad2fbe avia-iconlist-animate'>\n<li><div class='iconlist_icon av-av_iconlist_item-c69e6988017c074122b51d06a8510789 avia-font-entypo-fontello'><span class='iconlist-char' aria-hidden='true' data-av_icon='\ue82b' data-av_iconfont='entypo-fontello'><\/span><\/div><article class=\"article-icon-entry av-iconlist-empty\"  itemscope=\"itemscope\" itemtype=\"https:\/\/schema.org\/CreativeWork\" ><div class=\"iconlist_content_wrap\"><header class=\"entry-content-header\"><h4 class='av_iconlist_title iconlist_title  '  itemprop=\"headline\" >3-fach verglaste Fenster U-Wert = 0,7 gehobelte Dachst\u00fchle<\/h4><\/header><div class='iconlist_content '  itemprop=\"text\" ><\/div><\/div><footer class=\"entry-footer\"><\/footer><\/article><div class=\"iconlist-timeline\"><\/div><\/li>\n<li><div class='iconlist_icon av-av_iconlist_item-198a2b3645937a5a4002e38c4c08862d avia-font-entypo-fontello'><span class='iconlist-char' aria-hidden='true' data-av_icon='\ue82b' data-av_iconfont='entypo-fontello'><\/span><\/div><article class=\"article-icon-entry av-iconlist-empty\"  itemscope=\"itemscope\" itemtype=\"https:\/\/schema.org\/CreativeWork\" ><div class=\"iconlist_content_wrap\"><header class=\"entry-content-header\"><h4 class='av_iconlist_title iconlist_title  '  itemprop=\"headline\" >gro\u00dfe Dach\u00fcberst\u00e4nde (0,8m Bungalows und 1,0-1,5m H\u00e4user)<\/h4><\/header><div class='iconlist_content '  itemprop=\"text\" ><\/div><\/div><footer class=\"entry-footer\"><\/footer><\/article><div class=\"iconlist-timeline\"><\/div><\/li>\n<li><div class='iconlist_icon av-av_iconlist_item-0d672bcc90b913c87079d5581d438724 avia-font-entypo-fontello'><span class='iconlist-char' aria-hidden='true' data-av_icon='\ue82b' data-av_iconfont='entypo-fontello'><\/span><\/div><article class=\"article-icon-entry av-iconlist-empty\"  itemscope=\"itemscope\" itemtype=\"https:\/\/schema.org\/CreativeWork\" ><div class=\"iconlist_content_wrap\"><header class=\"entry-content-header\"><h4 class='av_iconlist_title iconlist_title  '  itemprop=\"headline\" >modernste Brennwerttechnik<\/h4><\/header><div class='iconlist_content '  itemprop=\"text\" ><\/div><\/div><footer class=\"entry-footer\"><\/footer><\/article><div class=\"iconlist-timeline\"><\/div><\/li>\n<li><div class='iconlist_icon av-av_iconlist_item-85bd463028c44737a9e001e053b3479a avia-font-entypo-fontello'><span class='iconlist-char' aria-hidden='true' data-av_icon='\ue82b' data-av_iconfont='entypo-fontello'><\/span><\/div><article class=\"article-icon-entry av-iconlist-empty\"  itemscope=\"itemscope\" itemtype=\"https:\/\/schema.org\/CreativeWork\" ><div class=\"iconlist_content_wrap\"><header class=\"entry-content-header\"><h4 class='av_iconlist_title iconlist_title  '  itemprop=\"headline\" >Fu\u00dfbodenheizung im gesamten Haus, jedes Zimmer einzeln regelbar<\/h4><\/header><div class='iconlist_content '  itemprop=\"text\" ><\/div><\/div><footer class=\"entry-footer\"><\/footer><\/article><div class=\"iconlist-timeline\"><\/div><\/li>\n<li><div class='iconlist_icon av-av_iconlist_item-403e18d9f286abeb7efc8b493158d6e2 avia-font-entypo-fontello'><span class='iconlist-char' aria-hidden='true' data-av_icon='\ue82b' data-av_iconfont='entypo-fontello'><\/span><\/div><article class=\"article-icon-entry av-iconlist-empty\"  itemscope=\"itemscope\" itemtype=\"https:\/\/schema.org\/CreativeWork\" ><div class=\"iconlist_content_wrap\"><header class=\"entry-content-header\"><h4 class='av_iconlist_title iconlist_title  '  itemprop=\"headline\" >Tondachziegel<\/h4><\/header><div class='iconlist_content '  itemprop=\"text\" ><\/div><\/div><footer class=\"entry-footer\"><\/footer><\/article><div class=\"iconlist-timeline\"><\/div><\/li>\n<li><div class='iconlist_icon av-av_iconlist_item-9b9b4db677e4d221309971f06db61788 avia-font-entypo-fontello'><span class='iconlist-char' aria-hidden='true' data-av_icon='\ue82b' data-av_iconfont='entypo-fontello'><\/span><\/div><article class=\"article-icon-entry av-iconlist-empty\"  itemscope=\"itemscope\" itemtype=\"https:\/\/schema.org\/CreativeWork\" ><div class=\"iconlist_content_wrap\"><header class=\"entry-content-header\"><h4 class='av_iconlist_title iconlist_title  '  itemprop=\"headline\" >Wandfliesen in B\u00e4dern raumhoch<\/h4><\/header><div class='iconlist_content '  itemprop=\"text\" ><\/div><\/div><footer class=\"entry-footer\"><\/footer><\/article><div class=\"iconlist-timeline\"><\/div><\/li>\n<li><div class='iconlist_icon av-av_iconlist_item-c925e2e4d0fefef6831486c20d64b303 avia-font-entypo-fontello'><span class='iconlist-char' aria-hidden='true' data-av_icon='\ue82b' data-av_iconfont='entypo-fontello'><\/span><\/div><article class=\"article-icon-entry av-iconlist-empty\"  itemscope=\"itemscope\" itemtype=\"https:\/\/schema.org\/CreativeWork\" ><div class=\"iconlist_content_wrap\"><header class=\"entry-content-header\"><h4 class='av_iconlist_title iconlist_title  '  itemprop=\"headline\" >w\u00e4rmeged\u00e4mmte Bodenplatte<\/h4><\/header><div class='iconlist_content '  itemprop=\"text\" ><\/div><\/div><footer class=\"entry-footer\"><\/footer><\/article><div class=\"iconlist-timeline\"><\/div><\/li>\n<\/ul><\/div>\n","protected":false},"excerpt":{"rendered":"","protected":false},"author":5,"featured_media":0,"parent":0,"menu_order":0,"comment_status":"closed","ping_status":"open","template":"","meta":{"footnotes":""},"yoast_head":"<!-- This site is optimized with the Yoast SEO plugin v22.0 - https:\/\/yoast.com\/wordpress\/plugins\/seo\/ -->\n<title>Massivhaus bauen - Massiv Bau Haus, Hausbau in Mecklenburg Vorpommern<\/title>\n<meta name=\"description\" content=\"Wenn Sie ein Massivhaus bauen m\u00f6chten, sind wir Ihr Partner von der Planung bis zur Realisierung Ihres Hausbau Vorhabens. T\u00dcV gepr\u00fcfte Massivhaus Qualit\u00e4t.\" \/>\n<meta name=\"robots\" content=\"index, follow, max-snippet:-1, max-image-preview:large, max-video-preview:-1\" \/>\n<link rel=\"canonical\" href=\"https:\/\/www.massiv-bau-haus.de\/index.php\/massivhaus-bauen\/\" \/>\n<meta property=\"og:locale\" content=\"de_DE\" \/>\n<meta property=\"og:type\" content=\"article\" \/>\n<meta property=\"og:title\" content=\"Massivhaus bauen - Massiv Bau Haus, Hausbau in Mecklenburg Vorpommern\" \/>\n<meta property=\"og:description\" content=\"Wenn Sie ein Massivhaus bauen m\u00f6chten, sind wir Ihr Partner von der Planung bis zur Realisierung Ihres Hausbau Vorhabens. T\u00dcV gepr\u00fcfte Massivhaus Qualit\u00e4t.\" \/>\n<meta property=\"og:url\" content=\"https:\/\/www.massiv-bau-haus.de\/index.php\/massivhaus-bauen\/\" \/>\n<meta property=\"og:site_name\" content=\"Massiv Bau Haus, Hausbau in Mecklenburg Vorpommern\" \/>\n<meta property=\"article:publisher\" content=\"http:\/\/www.facebook.com\/massivbauhaus\" \/>\n<meta property=\"article:modified_time\" content=\"2018-08-10T08:35:13+00:00\" \/>\n<meta property=\"og:image\" content=\"http:\/\/www.massiv-bau-haus.de\/wp-content\/uploads\/Massivhaus-Bauen.jpg\" \/>\n<meta name=\"twitter:card\" content=\"summary_large_image\" \/>\n<meta name=\"twitter:label1\" content=\"Gesch\u00e4tzte Lesezeit\" \/>\n\t<meta name=\"twitter:data1\" content=\"5\u00a0Minuten\" \/>\n<script type=\"application\/ld+json\" class=\"yoast-schema-graph\">{\"@context\":\"https:\/\/schema.org\",\"@graph\":[{\"@type\":\"WebPage\",\"@id\":\"https:\/\/www.massiv-bau-haus.de\/index.php\/massivhaus-bauen\/\",\"url\":\"https:\/\/www.massiv-bau-haus.de\/index.php\/massivhaus-bauen\/\",\"name\":\"Massivhaus bauen - Massiv Bau Haus, Hausbau in Mecklenburg Vorpommern\",\"isPartOf\":{\"@id\":\"https:\/\/www.massiv-bau-haus.de\/#website\"},\"datePublished\":\"2011-12-15T14:57:56+00:00\",\"dateModified\":\"2018-08-10T08:35:13+00:00\",\"description\":\"Wenn Sie ein Massivhaus bauen m\u00f6chten, sind wir Ihr Partner von der Planung bis zur Realisierung Ihres Hausbau Vorhabens. T\u00dcV gepr\u00fcfte Massivhaus Qualit\u00e4t.\",\"breadcrumb\":{\"@id\":\"https:\/\/www.massiv-bau-haus.de\/index.php\/massivhaus-bauen\/#breadcrumb\"},\"inLanguage\":\"de\",\"potentialAction\":[{\"@type\":\"ReadAction\",\"target\":[\"https:\/\/www.massiv-bau-haus.de\/index.php\/massivhaus-bauen\/\"]}]},{\"@type\":\"BreadcrumbList\",\"@id\":\"https:\/\/www.massiv-bau-haus.de\/index.php\/massivhaus-bauen\/#breadcrumb\",\"itemListElement\":[{\"@type\":\"ListItem\",\"position\":1,\"name\":\"Startseite\",\"item\":\"https:\/\/www.massiv-bau-haus.de\/\"},{\"@type\":\"ListItem\",\"position\":2,\"name\":\"Massivhaus bauen\"}]},{\"@type\":\"WebSite\",\"@id\":\"https:\/\/www.massiv-bau-haus.de\/#website\",\"url\":\"https:\/\/www.massiv-bau-haus.de\/\",\"name\":\"Massiv Bau Haus, Hausbau in Mecklenburg Vorpommern\",\"description\":\"Hausbau in Rostock und Mecklenburg Vorpommern\",\"potentialAction\":[{\"@type\":\"SearchAction\",\"target\":{\"@type\":\"EntryPoint\",\"urlTemplate\":\"https:\/\/www.massiv-bau-haus.de\/?s={search_term_string}\"},\"query-input\":\"required name=search_term_string\"}],\"inLanguage\":\"de\"}]}<\/script>\n<!-- \/ Yoast SEO plugin. -->","yoast_head_json":{"title":"Massivhaus bauen - Massiv Bau Haus, Hausbau in Mecklenburg Vorpommern","description":"Wenn Sie ein Massivhaus bauen m\u00f6chten, sind wir Ihr Partner von der Planung bis zur Realisierung Ihres Hausbau Vorhabens. T\u00dcV gepr\u00fcfte Massivhaus Qualit\u00e4t.","robots":{"index":"index","follow":"follow","max-snippet":"max-snippet:-1","max-image-preview":"max-image-preview:large","max-video-preview":"max-video-preview:-1"},"canonical":"https:\/\/www.massiv-bau-haus.de\/index.php\/massivhaus-bauen\/","og_locale":"de_DE","og_type":"article","og_title":"Massivhaus bauen - Massiv Bau Haus, Hausbau in Mecklenburg Vorpommern","og_description":"Wenn Sie ein Massivhaus bauen m\u00f6chten, sind wir Ihr Partner von der Planung bis zur Realisierung Ihres Hausbau Vorhabens. T\u00dcV gepr\u00fcfte Massivhaus Qualit\u00e4t.","og_url":"https:\/\/www.massiv-bau-haus.de\/index.php\/massivhaus-bauen\/","og_site_name":"Massiv Bau Haus, Hausbau in Mecklenburg Vorpommern","article_publisher":"http:\/\/www.facebook.com\/massivbauhaus","article_modified_time":"2018-08-10T08:35:13+00:00","og_image":[{"url":"http:\/\/www.massiv-bau-haus.de\/wp-content\/uploads\/Massivhaus-Bauen.jpg"}],"twitter_card":"summary_large_image","twitter_misc":{"Gesch\u00e4tzte Lesezeit":"5\u00a0Minuten"},"schema":{"@context":"https:\/\/schema.org","@graph":[{"@type":"WebPage","@id":"https:\/\/www.massiv-bau-haus.de\/index.php\/massivhaus-bauen\/","url":"https:\/\/www.massiv-bau-haus.de\/index.php\/massivhaus-bauen\/","name":"Massivhaus bauen - Massiv Bau Haus, Hausbau in Mecklenburg Vorpommern","isPartOf":{"@id":"https:\/\/www.massiv-bau-haus.de\/#website"},"datePublished":"2011-12-15T14:57:56+00:00","dateModified":"2018-08-10T08:35:13+00:00","description":"Wenn Sie ein Massivhaus bauen m\u00f6chten, sind wir Ihr Partner von der Planung bis zur Realisierung Ihres Hausbau Vorhabens. T\u00dcV gepr\u00fcfte Massivhaus Qualit\u00e4t.","breadcrumb":{"@id":"https:\/\/www.massiv-bau-haus.de\/index.php\/massivhaus-bauen\/#breadcrumb"},"inLanguage":"de","potentialAction":[{"@type":"ReadAction","target":["https:\/\/www.massiv-bau-haus.de\/index.php\/massivhaus-bauen\/"]}]},{"@type":"BreadcrumbList","@id":"https:\/\/www.massiv-bau-haus.de\/index.php\/massivhaus-bauen\/#breadcrumb","itemListElement":[{"@type":"ListItem","position":1,"name":"Startseite","item":"https:\/\/www.massiv-bau-haus.de\/"},{"@type":"ListItem","position":2,"name":"Massivhaus bauen"}]},{"@type":"WebSite","@id":"https:\/\/www.massiv-bau-haus.de\/#website","url":"https:\/\/www.massiv-bau-haus.de\/","name":"Massiv Bau Haus, Hausbau in Mecklenburg Vorpommern","description":"Hausbau in Rostock und Mecklenburg Vorpommern","potentialAction":[{"@type":"SearchAction","target":{"@type":"EntryPoint","urlTemplate":"https:\/\/www.massiv-bau-haus.de\/?s={search_term_string}"},"query-input":"required name=search_term_string"}],"inLanguage":"de"}]}},"_links":{"self":[{"href":"https:\/\/www.massiv-bau-haus.de\/index.php\/wp-json\/wp\/v2\/pages\/170"}],"collection":[{"href":"https:\/\/www.massiv-bau-haus.de\/index.php\/wp-json\/wp\/v2\/pages"}],"about":[{"href":"https:\/\/www.massiv-bau-haus.de\/index.php\/wp-json\/wp\/v2\/types\/page"}],"author":[{"embeddable":true,"href":"https:\/\/www.massiv-bau-haus.de\/index.php\/wp-json\/wp\/v2\/users\/5"}],"replies":[{"embeddable":true,"href":"https:\/\/www.massiv-bau-haus.de\/index.php\/wp-json\/wp\/v2\/comments?post=170"}],"version-history":[{"count":24,"href":"https:\/\/www.massiv-bau-haus.de\/index.php\/wp-json\/wp\/v2\/pages\/170\/revisions"}],"predecessor-version":[{"id":1236,"href":"https:\/\/www.massiv-bau-haus.de\/index.php\/wp-json\/wp\/v2\/pages\/170\/revisions\/1236"}],"wp:attachment":[{"href":"https:\/\/www.massiv-bau-haus.de\/index.php\/wp-json\/wp\/v2\/media?parent=170"}],"curies":[{"name":"wp","href":"https:\/\/api.w.org\/{rel}","templated":true}]}}