{"id":1135,"date":"2017-04-07T13:45:27","date_gmt":"2017-04-07T13:45:27","guid":{"rendered":"http:\/\/www.massiv-bau-haus.de\/?page_id=1135"},"modified":"2017-11-03T07:13:50","modified_gmt":"2017-11-03T07:13:50","slug":"hausbau-bauherrensicherheit","status":"publish","type":"page","link":"https:\/\/www.massiv-bau-haus.de\/index.php\/hausbau-bauherrensicherheit\/","title":{"rendered":"Hausbau Bauherrensicherheit"},"content":{"rendered":"\n<style type=\"text\/css\" data-created_by=\"avia_inline_auto\" id=\"style-css-av-av_heading-c89d36450080cf89805749b9698c87c9\">\n#top .av-special-heading.av-av_heading-c89d36450080cf89805749b9698c87c9{\npadding-bottom:10px;\n}\nbody .av-special-heading.av-av_heading-c89d36450080cf89805749b9698c87c9 .av-special-heading-tag .heading-char{\nfont-size:25px;\n}\n.av-special-heading.av-av_heading-c89d36450080cf89805749b9698c87c9 .av-subheading{\nfont-size:15px;\n}\n<\/style>\n<div  class='av-special-heading av-av_heading-c89d36450080cf89805749b9698c87c9 av-special-heading-h1 blockquote modern-quote modern-centered  avia-builder-el-0  el_before_av_textblock  avia-builder-el-first '><h1 class='av-special-heading-tag'  itemprop=\"headline\"  >Sicherheit f\u00fcr Ihr Bauvorhaben<\/h1><div class=\"special-heading-border\"><div class=\"special-heading-inner-border\"><\/div><\/div><\/div>\n<section  class='av_textblock_section av-av_textblock-0366cc7376be6c9e82a3e9cc8987b64f'  itemscope=\"itemscope\" itemtype=\"https:\/\/schema.org\/CreativeWork\" ><div class='avia_textblock'  itemprop=\"text\" ><p style=\"text-align: center;\">Wer ein Haus baut, nimmt seine Zukunft in die Hand: Sie geben nicht nur Ihrer Familie ein Zuhause, sondern schaffen auch bleibende Werte. Damit aber aus einer Baustelle wirklich ein bleibender Wert wird, muss Sicherheit an erster Stelle stehen. Wir bieten Ihnen das Sicherheitspaket der VHV. Die Kombination aus Baufertigstellungs- und Baugew\u00e4hrleistungs-Versicherung sichert die einzelnen Baustufen optimal ab \u2013 von der Planungsphase bis zu f\u00fcnf Jahre nach der Bauabnahme. Zugleich profitieren Sie von einer gutachterlichen Baubegleitung, die die Entstehung von M\u00e4ngeln minimiert und die Bauqualit\u00e4t steigert. So k\u00f6nnen Sie sich als Bauherr voll und ganz auf den Bau Ihres Traumhauses konzentrieren. Diese Kombination aus Baufertigstellungs- und Baugew\u00e4hrleistungs-Versicherung sichert nicht nur die einzelnen Baustufen optimal ab (von der Planungsphase bis zu f\u00fcnf Jahre nach der Bauabnahme), sie greift sogar, selbst wenn erst Jahre nach der Bauabnahme M\u00e4ngel festgestellt werden.<\/p>\n<p style=\"text-align: center;\"><img loading=\"lazy\" decoding=\"async\" class=\"aligncenter size-full wp-image-1854\" src=\"https:\/\/www.massiv-bau-haus.de\/wp-content\/uploads\/hausbau-versicherung.jpg\" alt=\"\" width=\"490\" height=\"100\" srcset=\"https:\/\/www.massiv-bau-haus.de\/wp-content\/uploads\/hausbau-versicherung.jpg 490w, https:\/\/www.massiv-bau-haus.de\/wp-content\/uploads\/hausbau-versicherung-300x61.jpg 300w, https:\/\/www.massiv-bau-haus.de\/wp-content\/uploads\/hausbau-versicherung-450x92.jpg 450w\" sizes=\"(max-width: 490px) 100vw, 490px\" \/><\/p>\n<div><\/div>\n<div><\/div>\n<\/div><\/section>\n\n<style type=\"text\/css\" data-created_by=\"avia_inline_auto\" id=\"style-css-av-av_one_half-6126cab7d8fab8d08143dd2dacdf673c\">\n.flex_column.av-av_one_half-6126cab7d8fab8d08143dd2dacdf673c{\n-webkit-border-radius:0px 0px 0px 0px;\n-moz-border-radius:0px 0px 0px 0px;\nborder-radius:0px 0px 0px 0px;\npadding:0px 0px 0px 0px;\n}\n<\/style>\n<div class='flex_column av-av_one_half-6126cab7d8fab8d08143dd2dacdf673c av_one_half  avia-builder-el-2  el_after_av_textblock  el_before_av_one_half  first flex_column_div av-zero-column-padding column-top-margin'     ><p>\n<style type=\"text\/css\" data-created_by=\"avia_inline_auto\" id=\"style-css-av-av_heading-e5f2f17ca48f7134e7353e96e30edbf5\">\n#top .av-special-heading.av-av_heading-e5f2f17ca48f7134e7353e96e30edbf5{\npadding-bottom:10px;\n}\nbody .av-special-heading.av-av_heading-e5f2f17ca48f7134e7353e96e30edbf5 .av-special-heading-tag .heading-char{\nfont-size:25px;\n}\n.av-special-heading.av-av_heading-e5f2f17ca48f7134e7353e96e30edbf5 .av-subheading{\nfont-size:15px;\n}\n<\/style>\n<div  class='av-special-heading av-av_heading-e5f2f17ca48f7134e7353e96e30edbf5 av-special-heading-h2 blockquote modern-quote  avia-builder-el-3  el_before_av_iconlist  avia-builder-el-first '><h2 class='av-special-heading-tag'  itemprop=\"headline\"  >Was ist abgesichert?<\/h2><div class=\"special-heading-border\"><div class=\"special-heading-inner-border\"><\/div><\/div><\/div><br \/>\n\n<style type=\"text\/css\" data-created_by=\"avia_inline_auto\" id=\"style-css-av-av_iconlist-969964d5dc4108e4946c2c11db6b3b79\">\n#top .avia-icon-list-container.av-av_iconlist-969964d5dc4108e4946c2c11db6b3b79 .iconlist_icon{\ncolor:#ffffff;\nbackground-color:#edae44;\n}\n<\/style>\n<div  class='avia-icon-list-container av-av_iconlist-969964d5dc4108e4946c2c11db6b3b79  avia-builder-el-4  el_after_av_heading  avia-builder-el-last '><ul class='avia-icon-list avia_animate_when_almost_visible avia-icon-list-left av-iconlist-big av-av_iconlist-969964d5dc4108e4946c2c11db6b3b79 avia-iconlist-animate'>\n<li><div class='iconlist_icon av-av_iconlist_item-6a8fc5b7f288c2168d549be9daf928bc avia-font-entypo-fontello'><span class='iconlist-char' aria-hidden='true' data-av_icon='\ue812' data-av_iconfont='entypo-fontello'><\/span><\/div><article class=\"article-icon-entry av-iconlist-empty\"  itemscope=\"itemscope\" itemtype=\"https:\/\/schema.org\/CreativeWork\" ><div class=\"iconlist_content_wrap\"><header class=\"entry-content-header\"><h4 class='av_iconlist_title iconlist_title  '  itemprop=\"headline\" >finanzielles Risiko bei Insolvenz des Bauunternehmers vor Bauabnahme<\/h4><\/header><div class='iconlist_content '  itemprop=\"text\" ><\/div><\/div><footer class=\"entry-footer\"><\/footer><\/article><div class=\"iconlist-timeline\"><\/div><\/li>\n<li><div class='iconlist_icon av-av_iconlist_item-31306a2a874a96b5ab4a523cbcd9f1e0 avia-font-entypo-fontello'><span class='iconlist-char' aria-hidden='true' data-av_icon='\ue812' data-av_iconfont='entypo-fontello'><\/span><\/div><article class=\"article-icon-entry av-iconlist-empty\"  itemscope=\"itemscope\" itemtype=\"https:\/\/schema.org\/CreativeWork\" ><div class=\"iconlist_content_wrap\"><header class=\"entry-content-header\"><h4 class='av_iconlist_title iconlist_title  '  itemprop=\"headline\" >finanzieller Aufwand f\u00fcr die Behebung von versicherten Baum\u00e4ngeln bei Insolvenz des Bauunternehmers<\/h4><\/header><div class='iconlist_content '  itemprop=\"text\" ><\/div><\/div><footer class=\"entry-footer\"><\/footer><\/article><div class=\"iconlist-timeline\"><\/div><\/li>\n<\/ul><\/div><\/p><\/div>\n\n<style type=\"text\/css\" data-created_by=\"avia_inline_auto\" id=\"style-css-av-av_one_half-0aa7055fe62c3622faec82866afbaeb2\">\n.flex_column.av-av_one_half-0aa7055fe62c3622faec82866afbaeb2{\n-webkit-border-radius:0px 0px 0px 0px;\n-moz-border-radius:0px 0px 0px 0px;\nborder-radius:0px 0px 0px 0px;\npadding:0px 0px 0px 0px;\n}\n<\/style>\n<div class='flex_column av-av_one_half-0aa7055fe62c3622faec82866afbaeb2 av_one_half  avia-builder-el-5  el_after_av_one_half  el_before_av_button  flex_column_div av-zero-column-padding column-top-margin'     ><p>\n<style type=\"text\/css\" data-created_by=\"avia_inline_auto\" id=\"style-css-av-av_heading-22a2c9c7297a8dce610972065a92ba96\">\n#top .av-special-heading.av-av_heading-22a2c9c7297a8dce610972065a92ba96{\npadding-bottom:10px;\n}\nbody .av-special-heading.av-av_heading-22a2c9c7297a8dce610972065a92ba96 .av-special-heading-tag .heading-char{\nfont-size:25px;\n}\n.av-special-heading.av-av_heading-22a2c9c7297a8dce610972065a92ba96 .av-subheading{\nfont-size:15px;\n}\n<\/style>\n<div  class='av-special-heading av-av_heading-22a2c9c7297a8dce610972065a92ba96 av-special-heading-h2 blockquote modern-quote  avia-builder-el-6  el_before_av_iconlist  avia-builder-el-first '><h2 class='av-special-heading-tag'  itemprop=\"headline\"  >Welche Leistungen erhalten Sie?<\/h2><div class=\"special-heading-border\"><div class=\"special-heading-inner-border\"><\/div><\/div><\/div><br \/>\n\n<style type=\"text\/css\" data-created_by=\"avia_inline_auto\" id=\"style-css-av-av_iconlist-969964d5dc4108e4946c2c11db6b3b79\">\n#top .avia-icon-list-container.av-av_iconlist-969964d5dc4108e4946c2c11db6b3b79 .iconlist_icon{\ncolor:#ffffff;\nbackground-color:#edae44;\n}\n<\/style>\n<div  class='avia-icon-list-container av-av_iconlist-969964d5dc4108e4946c2c11db6b3b79  avia-builder-el-7  el_after_av_heading  avia-builder-el-last '><ul class='avia-icon-list avia_animate_when_almost_visible avia-icon-list-left av-iconlist-big av-av_iconlist-969964d5dc4108e4946c2c11db6b3b79 avia-iconlist-animate'>\n<li><div class='iconlist_icon av-av_iconlist_item-ef1cfdda63e1fab49211e29f67485b61 avia-font-entypo-fontello'><span class='iconlist-char' aria-hidden='true' data-av_icon='\ue812' data-av_iconfont='entypo-fontello'><\/span><\/div><article class=\"article-icon-entry av-iconlist-empty\"  itemscope=\"itemscope\" itemtype=\"https:\/\/schema.org\/CreativeWork\" ><div class=\"iconlist_content_wrap\"><header class=\"entry-content-header\"><h4 class='av_iconlist_title iconlist_title  '  itemprop=\"headline\" >\u00dcbernahme der Mehrkosten f\u00fcr die Fertigstellung des Bauvorhabens bei einer Insolve nz des Bauun ternehmers vor der Bauabnahme<\/h4><\/header><div class='iconlist_content '  itemprop=\"text\" ><\/div><\/div><footer class=\"entry-footer\"><\/footer><\/article><div class=\"iconlist-timeline\"><\/div><\/li>\n<li><div class='iconlist_icon av-av_iconlist_item-99ab7c4d8df3695060e81eb9f25a7ed8 avia-font-entypo-fontello'><span class='iconlist-char' aria-hidden='true' data-av_icon='\ue812' data-av_iconfont='entypo-fontello'><\/span><\/div><article class=\"article-icon-entry av-iconlist-empty\"  itemscope=\"itemscope\" itemtype=\"https:\/\/schema.org\/CreativeWork\" ><div class=\"iconlist_content_wrap\"><header class=\"entry-content-header\"><h4 class='av_iconlist_title iconlist_title  '  itemprop=\"headline\" >Direkte Erstattung der Kosten f\u00fcr M\u00e4ngelbehebung bis zu f\u00fcnf Jahre nach Baufertigstellung bei Insolvenz des Bauunternehmers nach der Bauabnahme<\/h4><\/header><div class='iconlist_content '  itemprop=\"text\" ><\/div><\/div><footer class=\"entry-footer\"><\/footer><\/article><div class=\"iconlist-timeline\"><\/div><\/li>\n<\/ul><\/div><\/p><\/div>\n<div  class='avia-button-wrap av-av_button-a715ee9cee8c6f2657789b10d85936d4-wrap avia-button-center  avia-builder-el-8  el_after_av_one_half  el_before_av_heading '><a href='http:\/\/maxnet.shop.vhv.de\/sap\/catalog\/101.0031.142.PDF' class='avia-button av-av_button-a715ee9cee8c6f2657789b10d85936d4 avia-icon_select-yes-left-icon avia-size-large avia-position-center avia-color-theme-color' target=\"_blank\" rel=\"noopener noreferrer\"><span class='avia_button_icon avia_button_icon_left' aria-hidden='true' data-av_icon='\ue84d' data-av_iconfont='entypo-fontello'><\/span><span class='avia_iconbox_title' >Erfahren Sie mehr<\/span><\/a><\/div>\n\n<style type=\"text\/css\" data-created_by=\"avia_inline_auto\" id=\"style-css-av-av_heading-a4649e238a927d7f7cae4f76103e6a90\">\n#top .av-special-heading.av-av_heading-a4649e238a927d7f7cae4f76103e6a90{\npadding-bottom:10px;\n}\nbody .av-special-heading.av-av_heading-a4649e238a927d7f7cae4f76103e6a90 .av-special-heading-tag .heading-char{\nfont-size:25px;\n}\n.av-special-heading.av-av_heading-a4649e238a927d7f7cae4f76103e6a90 .av-subheading{\nfont-size:15px;\n}\n<\/style>\n<div  class='av-special-heading av-av_heading-a4649e238a927d7f7cae4f76103e6a90 av-special-heading-h2 blockquote modern-quote modern-centered  avia-builder-el-9  el_after_av_button  el_before_av_hr '><h2 class='av-special-heading-tag'  itemprop=\"headline\"  >Baufertigstellungsversicherung und Baugew\u00e4hrleistungsversicherung<\/h2><div class=\"special-heading-border\"><div class=\"special-heading-inner-border\"><\/div><\/div><\/div>\n<div  class='hr av-av_hr-dcd2069817a0e3d34ae04cad8f3443c7 hr-default  avia-builder-el-10  el_after_av_heading  el_before_av_textblock '><span class='hr-inner '><span class=\"hr-inner-style\"><\/span><\/span><\/div>\n<section  class='av_textblock_section av-av_textblock-0366cc7376be6c9e82a3e9cc8987b64f'  itemscope=\"itemscope\" itemtype=\"https:\/\/schema.org\/CreativeWork\" ><div class='avia_textblock'  itemprop=\"text\" ><p>Mit einer Baufertigstellungs- und einer Baugew\u00e4hrleistungsversicherung werden von Bauherren zwei wichtige Ziele beim Bau eines Einfamilienhauses, eines Bungalows, einer Stadtvilla oder eines Architektenhauses verfolgt.<\/p>\n<p><em><strong>&#8211;\u00a0 die Fertigstellung des Hauses innerhalb der vertraglich vereinbarten Planungszeit<\/strong><\/em><br \/>\n<em><strong>&#8211;\u00a0 die \u00dcbernahme von Gew\u00e4hrleistungsanspr\u00fcchen des Bautr\u00e4gers oder<\/strong><\/em><br \/>\n<em><strong>&#8211;\u00a0 General\u00fcbernehmers nach dem das Haus fertiggestellt ist.<\/strong><\/em><\/p>\n<p>Mit Abschluss einer Baufertigstellungsversicherung k\u00f6nnen bei Insolvenz anfallende Kosten w\u00e4hrend der Bauzeit gedeckt werden.<\/p>\n<\/div><\/section>\n\n<style type=\"text\/css\" data-created_by=\"avia_inline_auto\" id=\"style-css-av-av_image-c70e14711ce8a79a3e6b1a98c9db54c5\">\n.avia-image-container.av-av_image-c70e14711ce8a79a3e6b1a98c9db54c5 img.avia_image{\nbox-shadow:none;\n}\n.avia-image-container.av-av_image-c70e14711ce8a79a3e6b1a98c9db54c5 .av-image-caption-overlay-center{\ncolor:#ffffff;\n}\n<\/style>\n<div  class='avia-image-container av-av_image-c70e14711ce8a79a3e6b1a98c9db54c5 av-styling- avia-align-center  avia-builder-el-12  el_after_av_textblock  el_before_av_textblock '   itemprop=\"image\" itemscope=\"itemscope\" itemtype=\"https:\/\/schema.org\/ImageObject\" ><div class=\"avia-image-container-inner\"><div class=\"avia-image-overlay-wrap\"><img class='wp-image-1849 avia-img-lazy-loading-not-1849 avia_image ' src='https:\/\/www.massiv-bau-haus.de\/wp-content\/uploads\/hausbau-sicherheit.jpg' alt='' title='hausbau-sicherheit'  height=\"527\" width=\"1500\"  itemprop=\"thumbnailUrl\"  \/><\/div><\/div><\/div>\n\n<style type=\"text\/css\" data-created_by=\"avia_inline_auto\" id=\"style-css-av-av_textblock-04a24c66ecc2413daace6e63a4ac91fd\">\n#top .av_textblock_section.av-av_textblock-04a24c66ecc2413daace6e63a4ac91fd .avia_textblock{\nfont-size:18px;\n}\n<\/style>\n<section  class='av_textblock_section av-av_textblock-04a24c66ecc2413daace6e63a4ac91fd'  itemscope=\"itemscope\" itemtype=\"https:\/\/schema.org\/CreativeWork\" ><div class='avia_textblock'  itemprop=\"text\" ><p class=\"Text\" style=\"text-align: center;\">Eine Baugew\u00e4hrleistungsversicherung sorgt daf\u00fcr, dass dem Bauherrn nach der \u00dcbergabe keine finanziellen Nachteile entstehen. Wird vom Bauherrn eine Baugew\u00e4hrleistungsversicherung abgeschlossen sind nachfolgende Leistungen Bestandteil:<\/p>\n<\/div><\/section>\n\n<style type=\"text\/css\" data-created_by=\"avia_inline_auto\" id=\"style-css-av-av_iconlist-969964d5dc4108e4946c2c11db6b3b79\">\n#top .avia-icon-list-container.av-av_iconlist-969964d5dc4108e4946c2c11db6b3b79 .iconlist_icon{\ncolor:#ffffff;\nbackground-color:#edae44;\n}\n<\/style>\n<div  class='avia-icon-list-container av-av_iconlist-969964d5dc4108e4946c2c11db6b3b79  avia-builder-el-14  el_after_av_textblock  el_before_av_textblock '><ul class='avia-icon-list avia_animate_when_almost_visible avia-icon-list-left av-iconlist-big av-av_iconlist-969964d5dc4108e4946c2c11db6b3b79 avia-iconlist-animate'>\n<li><div class='iconlist_icon av-av_iconlist_item-adb8a2eee7396a775350d1890dbf6f97 avia-font-entypo-fontello'><span class='iconlist-char' aria-hidden='true' data-av_icon='\ue812' data-av_iconfont='entypo-fontello'><\/span><\/div><article class=\"article-icon-entry av-iconlist-empty\"  itemscope=\"itemscope\" itemtype=\"https:\/\/schema.org\/CreativeWork\" ><div class=\"iconlist_content_wrap\"><header class=\"entry-content-header\"><h4 class='av_iconlist_title iconlist_title  '  itemprop=\"headline\" >Baubegleitende Qualit\u00e4tspr\u00fcfung durch unabh\u00e4ngige Sachverst\u00e4ndige (T\u00dcV S\u00dcD)<\/h4><\/header><div class='iconlist_content '  itemprop=\"text\" ><\/div><\/div><footer class=\"entry-footer\"><\/footer><\/article><div class=\"iconlist-timeline\"><\/div><\/li>\n<li><div class='iconlist_icon av-av_iconlist_item-1cd5e60bd6f78d86841778ab430afd87 avia-font-entypo-fontello'><span class='iconlist-char' aria-hidden='true' data-av_icon='\ue812' data-av_iconfont='entypo-fontello'><\/span><\/div><article class=\"article-icon-entry av-iconlist-empty\"  itemscope=\"itemscope\" itemtype=\"https:\/\/schema.org\/CreativeWork\" ><div class=\"iconlist_content_wrap\"><header class=\"entry-content-header\"><h4 class='av_iconlist_title iconlist_title  '  itemprop=\"headline\" >Die Leistungen aller Subunternehmer sind mit abgesichert<\/h4><\/header><div class='iconlist_content '  itemprop=\"text\" ><\/div><\/div><footer class=\"entry-footer\"><\/footer><\/article><div class=\"iconlist-timeline\"><\/div><\/li>\n<li><div class='iconlist_icon av-av_iconlist_item-0a3125dc453c367d7f026e54bad1279b avia-font-entypo-fontello'><span class='iconlist-char' aria-hidden='true' data-av_icon='\ue812' data-av_iconfont='entypo-fontello'><\/span><\/div><article class=\"article-icon-entry av-iconlist-empty\"  itemscope=\"itemscope\" itemtype=\"https:\/\/schema.org\/CreativeWork\" ><div class=\"iconlist_content_wrap\"><header class=\"entry-content-header\"><h4 class='av_iconlist_title iconlist_title  '  itemprop=\"headline\" >Verbraucherschutz durch Direktanspruch des Bauherrn gegen\u00fcber der VHV im Fall von Insolvenz<\/h4><\/header><div class='iconlist_content '  itemprop=\"text\" ><\/div><\/div><footer class=\"entry-footer\"><\/footer><\/article><div class=\"iconlist-timeline\"><\/div><\/li>\n<li><div class='iconlist_icon av-av_iconlist_item-4dabd74e3e382ac2859c5099473c812f avia-font-entypo-fontello'><span class='iconlist-char' aria-hidden='true' data-av_icon='\ue812' data-av_iconfont='entypo-fontello'><\/span><\/div><article class=\"article-icon-entry av-iconlist-empty\"  itemscope=\"itemscope\" itemtype=\"https:\/\/schema.org\/CreativeWork\" ><div class=\"iconlist_content_wrap\"><header class=\"entry-content-header\"><h4 class='av_iconlist_title iconlist_title  '  itemprop=\"headline\" >\u00dcbernahme der Kosten f\u00fcr die Suche nach der Schadensursache <\/h4><\/header><div class='iconlist_content '  itemprop=\"text\" ><\/div><\/div><footer class=\"entry-footer\"><\/footer><\/article><div class=\"iconlist-timeline\"><\/div><\/li>\n<li><div class='iconlist_icon av-av_iconlist_item-981fe42363028c3b08fb2f5a0b628f51 avia-font-entypo-fontello'><span class='iconlist-char' aria-hidden='true' data-av_icon='\ue812' data-av_iconfont='entypo-fontello'><\/span><\/div><article class=\"article-icon-entry av-iconlist-empty\"  itemscope=\"itemscope\" itemtype=\"https:\/\/schema.org\/CreativeWork\" ><div class=\"iconlist_content_wrap\"><header class=\"entry-content-header\"><h4 class='av_iconlist_title iconlist_title  '  itemprop=\"headline\" >\u00dcbernahme von Gew\u00e4hrleistungsanspr\u00fcchen des Bauherrn nach \u00dcbergabe innerhalb der f\u00fcnfj\u00e4hrigen Gew\u00e4hrleistungsfrist<\/h4><\/header><div class='iconlist_content '  itemprop=\"text\" ><\/div><\/div><footer class=\"entry-footer\"><\/footer><\/article><div class=\"iconlist-timeline\"><\/div><\/li>\n<\/ul><\/div>\n\n<style type=\"text\/css\" data-created_by=\"avia_inline_auto\" id=\"style-css-av-av_textblock-04a24c66ecc2413daace6e63a4ac91fd\">\n#top .av_textblock_section.av-av_textblock-04a24c66ecc2413daace6e63a4ac91fd .avia_textblock{\nfont-size:18px;\n}\n<\/style>\n<section  class='av_textblock_section av-av_textblock-04a24c66ecc2413daace6e63a4ac91fd'  itemscope=\"itemscope\" itemtype=\"https:\/\/schema.org\/CreativeWork\" ><div class='avia_textblock'  itemprop=\"text\" ><p class=\"Text\" style=\"text-align: center;\">Mit Abschluss einer Baugew\u00e4hrleistungsversicherung wird nach \u00dcbergabe durch die Firma Massiv- Bau-Haus dem Bauherrn ein Zertifikat \u201eBaugew\u00e4hrleistungsversicherung\u201c \u00fcbergeben.<\/p>\n<\/div><\/section>\n","protected":false},"excerpt":{"rendered":"","protected":false},"author":5,"featured_media":0,"parent":0,"menu_order":0,"comment_status":"closed","ping_status":"closed","template":"","meta":{"footnotes":""},"yoast_head":"<!-- This site is optimized with the Yoast SEO plugin v22.0 - https:\/\/yoast.com\/wordpress\/plugins\/seo\/ -->\n<title>Hausbau Bauherrensicherheit - Massiv Bau Haus, Hausbau in Mecklenburg Vorpommern<\/title>\n<meta name=\"robots\" content=\"index, follow, max-snippet:-1, max-image-preview:large, max-video-preview:-1\" \/>\n<link rel=\"canonical\" href=\"https:\/\/www.massiv-bau-haus.de\/index.php\/hausbau-bauherrensicherheit\/\" \/>\n<meta property=\"og:locale\" content=\"de_DE\" \/>\n<meta property=\"og:type\" content=\"article\" \/>\n<meta property=\"og:title\" content=\"Hausbau Bauherrensicherheit - Massiv Bau Haus, Hausbau in Mecklenburg Vorpommern\" \/>\n<meta property=\"og:url\" content=\"https:\/\/www.massiv-bau-haus.de\/index.php\/hausbau-bauherrensicherheit\/\" \/>\n<meta property=\"og:site_name\" content=\"Massiv Bau Haus, Hausbau in Mecklenburg Vorpommern\" \/>\n<meta property=\"article:publisher\" content=\"http:\/\/www.facebook.com\/massivbauhaus\" \/>\n<meta property=\"article:modified_time\" content=\"2017-11-03T07:13:50+00:00\" \/>\n<meta property=\"og:image\" content=\"https:\/\/www.massiv-bau-haus.de\/wp-content\/uploads\/hausbau-versicherung.jpg\" \/>\n<meta name=\"twitter:card\" content=\"summary_large_image\" \/>\n<meta name=\"twitter:label1\" content=\"Gesch\u00e4tzte Lesezeit\" \/>\n\t<meta name=\"twitter:data1\" content=\"5\u00a0Minuten\" \/>\n<script type=\"application\/ld+json\" class=\"yoast-schema-graph\">{\"@context\":\"https:\/\/schema.org\",\"@graph\":[{\"@type\":\"WebPage\",\"@id\":\"https:\/\/www.massiv-bau-haus.de\/index.php\/hausbau-bauherrensicherheit\/\",\"url\":\"https:\/\/www.massiv-bau-haus.de\/index.php\/hausbau-bauherrensicherheit\/\",\"name\":\"Hausbau Bauherrensicherheit - Massiv Bau Haus, Hausbau in Mecklenburg Vorpommern\",\"isPartOf\":{\"@id\":\"https:\/\/www.massiv-bau-haus.de\/#website\"},\"datePublished\":\"2017-04-07T13:45:27+00:00\",\"dateModified\":\"2017-11-03T07:13:50+00:00\",\"breadcrumb\":{\"@id\":\"https:\/\/www.massiv-bau-haus.de\/index.php\/hausbau-bauherrensicherheit\/#breadcrumb\"},\"inLanguage\":\"de\",\"potentialAction\":[{\"@type\":\"ReadAction\",\"target\":[\"https:\/\/www.massiv-bau-haus.de\/index.php\/hausbau-bauherrensicherheit\/\"]}]},{\"@type\":\"BreadcrumbList\",\"@id\":\"https:\/\/www.massiv-bau-haus.de\/index.php\/hausbau-bauherrensicherheit\/#breadcrumb\",\"itemListElement\":[{\"@type\":\"ListItem\",\"position\":1,\"name\":\"Startseite\",\"item\":\"https:\/\/www.massiv-bau-haus.de\/\"},{\"@type\":\"ListItem\",\"position\":2,\"name\":\"Hausbau Bauherrensicherheit\"}]},{\"@type\":\"WebSite\",\"@id\":\"https:\/\/www.massiv-bau-haus.de\/#website\",\"url\":\"https:\/\/www.massiv-bau-haus.de\/\",\"name\":\"Massiv Bau Haus, Hausbau in Mecklenburg Vorpommern\",\"description\":\"Hausbau in Rostock und Mecklenburg Vorpommern\",\"potentialAction\":[{\"@type\":\"SearchAction\",\"target\":{\"@type\":\"EntryPoint\",\"urlTemplate\":\"https:\/\/www.massiv-bau-haus.de\/?s={search_term_string}\"},\"query-input\":\"required name=search_term_string\"}],\"inLanguage\":\"de\"}]}<\/script>\n<!-- \/ Yoast SEO plugin. -->","yoast_head_json":{"title":"Hausbau Bauherrensicherheit - Massiv Bau Haus, Hausbau in Mecklenburg Vorpommern","robots":{"index":"index","follow":"follow","max-snippet":"max-snippet:-1","max-image-preview":"max-image-preview:large","max-video-preview":"max-video-preview:-1"},"canonical":"https:\/\/www.massiv-bau-haus.de\/index.php\/hausbau-bauherrensicherheit\/","og_locale":"de_DE","og_type":"article","og_title":"Hausbau Bauherrensicherheit - Massiv Bau Haus, Hausbau in Mecklenburg Vorpommern","og_url":"https:\/\/www.massiv-bau-haus.de\/index.php\/hausbau-bauherrensicherheit\/","og_site_name":"Massiv Bau Haus, Hausbau in Mecklenburg Vorpommern","article_publisher":"http:\/\/www.facebook.com\/massivbauhaus","article_modified_time":"2017-11-03T07:13:50+00:00","og_image":[{"url":"https:\/\/www.massiv-bau-haus.de\/wp-content\/uploads\/hausbau-versicherung.jpg"}],"twitter_card":"summary_large_image","twitter_misc":{"Gesch\u00e4tzte Lesezeit":"5\u00a0Minuten"},"schema":{"@context":"https:\/\/schema.org","@graph":[{"@type":"WebPage","@id":"https:\/\/www.massiv-bau-haus.de\/index.php\/hausbau-bauherrensicherheit\/","url":"https:\/\/www.massiv-bau-haus.de\/index.php\/hausbau-bauherrensicherheit\/","name":"Hausbau Bauherrensicherheit - Massiv Bau Haus, Hausbau in Mecklenburg Vorpommern","isPartOf":{"@id":"https:\/\/www.massiv-bau-haus.de\/#website"},"datePublished":"2017-04-07T13:45:27+00:00","dateModified":"2017-11-03T07:13:50+00:00","breadcrumb":{"@id":"https:\/\/www.massiv-bau-haus.de\/index.php\/hausbau-bauherrensicherheit\/#breadcrumb"},"inLanguage":"de","potentialAction":[{"@type":"ReadAction","target":["https:\/\/www.massiv-bau-haus.de\/index.php\/hausbau-bauherrensicherheit\/"]}]},{"@type":"BreadcrumbList","@id":"https:\/\/www.massiv-bau-haus.de\/index.php\/hausbau-bauherrensicherheit\/#breadcrumb","itemListElement":[{"@type":"ListItem","position":1,"name":"Startseite","item":"https:\/\/www.massiv-bau-haus.de\/"},{"@type":"ListItem","position":2,"name":"Hausbau Bauherrensicherheit"}]},{"@type":"WebSite","@id":"https:\/\/www.massiv-bau-haus.de\/#website","url":"https:\/\/www.massiv-bau-haus.de\/","name":"Massiv Bau Haus, Hausbau in Mecklenburg Vorpommern","description":"Hausbau in Rostock und Mecklenburg Vorpommern","potentialAction":[{"@type":"SearchAction","target":{"@type":"EntryPoint","urlTemplate":"https:\/\/www.massiv-bau-haus.de\/?s={search_term_string}"},"query-input":"required name=search_term_string"}],"inLanguage":"de"}]}},"_links":{"self":[{"href":"https:\/\/www.massiv-bau-haus.de\/index.php\/wp-json\/wp\/v2\/pages\/1135"}],"collection":[{"href":"https:\/\/www.massiv-bau-haus.de\/index.php\/wp-json\/wp\/v2\/pages"}],"about":[{"href":"https:\/\/www.massiv-bau-haus.de\/index.php\/wp-json\/wp\/v2\/types\/page"}],"author":[{"embeddable":true,"href":"https:\/\/www.massiv-bau-haus.de\/index.php\/wp-json\/wp\/v2\/users\/5"}],"replies":[{"embeddable":true,"href":"https:\/\/www.massiv-bau-haus.de\/index.php\/wp-json\/wp\/v2\/comments?post=1135"}],"version-history":[{"count":14,"href":"https:\/\/www.massiv-bau-haus.de\/index.php\/wp-json\/wp\/v2\/pages\/1135\/revisions"}],"predecessor-version":[{"id":2084,"href":"https:\/\/www.massiv-bau-haus.de\/index.php\/wp-json\/wp\/v2\/pages\/1135\/revisions\/2084"}],"wp:attachment":[{"href":"https:\/\/www.massiv-bau-haus.de\/index.php\/wp-json\/wp\/v2\/media?parent=1135"}],"curies":[{"name":"wp","href":"https:\/\/api.w.org\/{rel}","templated":true}]}}